{"id":12,"date":"2015-02-27T15:54:32","date_gmt":"2015-02-27T15:54:32","guid":{"rendered":"http:\/\/phanine.com\/?page_id=12"},"modified":"2017-10-10T10:57:50","modified_gmt":"2017-10-10T08:57:50","slug":"private-label","status":"publish","type":"page","link":"https:\/\/phanine.com\/de\/private-label\/","title":{"rendered":"Private label"},"content":{"rendered":"<p><div class=\"fusion-fullwidth fullwidth-box nonhundred-percent-fullwidth non-hundred-percent-height-scrolling\"  style='background-color: rgba(255,255,255,0);background-position: left top;background-repeat: no-repeat;padding-top:20px;padding-right:0px;padding-bottom:20px;padding-left:0px;border-top-width:0px;border-bottom-width:0px;border-color:#eae9e9;border-top-style:solid;border-bottom-style:solid;'><div class=\"fusion-builder-row fusion-row \"><div  class=\"fusion-layout-column fusion_builder_column fusion_builder_column_2_3  fusion-two-third fusion-column-first 2_3\"  style='margin-top:0px;margin-bottom:20px;width:65.3333%; margin-right: 4%;'>\n\t\t\t\t\t<div class=\"fusion-column-wrapper\" style=\"background-position:left top;background-repeat:no-repeat;-webkit-background-size:cover;-moz-background-size:cover;-o-background-size:cover;background-size:cover;\"  data-bg-url=\"\">\n\t\t\t\t\t\t<div class=\"fusion-text\"><h2>Private Label \u2013 Preferred B2B Partner<\/h2>\n<p>Seit vielen Jahren schon geh\u00f6ren unsere Private-Label-Kinderkost\u00fcme und -accessoires zur Wunderwelt der j\u00fcngsten und wichtigsten Kunden von Freizeitparks wie Efteling, Toverland und Euro-Disney sowie zum Sortiment gro\u00dfer Einzelhandelsketten. Als Experte auf diesem Gebiet entwerfen wir kundenspezifische Kost\u00fcme und Accessoires, die nicht nur die Fantasie anregen, sondern zudem auch die neuesten europ\u00e4ischen Normen erf\u00fcllen.<\/p>\n<p>Nat\u00fcrlich k\u00f6nnten wir hier erz\u00e4hlen, warum wir der beste Partner f\u00fcr den Entwurf und die Produktion von Kinderkost\u00fcmen, Kronen, Zauberst\u00e4ben, Elfen-Sets, Prinzessinnenschuhen, Schmuck, Diademen, Haaraccessoires, Taschen, Portemonnaies und vielem mehr sind. Doch vielleicht k\u00f6nnen wir das besser unseren Kunden \u00fcberlassen: Kunden, die wegen des perfekten Preis-Qualit\u00e4ts-Verh\u00e4ltnisses immer wieder zu uns zur\u00fcckkommen. Aber auch, weil wir immer liefern, was wir versprechen.<\/p>\n<p><span style=\"line-height: 1.5;\"><\/p>\n<\/div><div class=\"fusion-clearfix\"><\/div>\n\n\t\t\t\t\t<\/div>\n\t\t\t\t<\/div><div  class=\"fusion-layout-column fusion_builder_column fusion_builder_column_1_3  fusion-one-third fusion-column-last 1_3\"  style='margin-top:0px;margin-bottom:20px;width:30.6666%'>\n\t\t\t\t\t<div class=\"fusion-column-wrapper\" style=\"background-position:left top;background-repeat:no-repeat;-webkit-background-size:cover;-moz-background-size:cover;-o-background-size:cover;background-size:cover;\"  data-bg-url=\"\">\n\t\t\t\t\t\t<div class=\"fusion-clearfix\"><\/div>\n\n\t\t\t\t\t<\/div>\n\t\t\t\t<\/div><div  class=\"fusion-layout-column fusion_builder_column fusion_builder_column_1_3  fusion-one-third fusion-column-first 1_3\"  style='margin-top:0px;margin-bottom:20px;width:30.6666%; margin-right: 4%;'>\n\t\t\t\t\t<div class=\"fusion-column-wrapper\" style=\"background-position:left top;background-repeat:no-repeat;-webkit-background-size:cover;-moz-background-size:cover;-o-background-size:cover;background-size:cover;\"  data-bg-url=\"\">\n\t\t\t\t\t\t<div class=\"fusion-testimonials clean fusion-testimonials-1\" data-random=\"0\"><style type=\"text\/css\" scoped=\"scoped\">#fusion-testimonials-1 a{border-color:#747474;}#fusion-testimonials-1 a:hover, #fusion-testimonials-1 .activeSlide{background-color: #747474;}.fusion-testimonials.clean.fusion-testimonials-1 .author:after{border-top-color:#f6f6f6 !important;}<\/style><div class=\"reviews\"><div class=\"review male\"><div class=\"testimonial-thumbnail doe\" style=\"color:#747474;\"><\/div><blockquote style=\"background-color:#f6f6f6;\"><q style=\"background-color:#f6f6f6;color:#747474;\" class=\"fusion-clearfix\">\u2018Mit der Entwicklung und Produktion unserer Figurenkost\u00fcme haben wir Phanine beauftragt. So brauchen wir uns um nichts zu k\u00fcmmern, und das Ergebnis \u00fcbertrifft jedes Mal unsere Erwartungen.\u2019<\/q><\/blockquote><div class=\"author\" style=\"color:#747474;\"><span class=\"company-name\"><\/span><\/div><\/div><\/div><div class=\"testimonial-pagination\" id=\"fusion-testimonials-1\"><\/div><\/div><div class=\"fusion-clearfix\"><\/div>\n\n\t\t\t\t\t<\/div>\n\t\t\t\t<\/div><div  class=\"fusion-layout-column fusion_builder_column fusion_builder_column_1_3  fusion-one-third 1_3\"  style='margin-top:0px;margin-bottom:20px;width:30.6666%; margin-right: 4%;'>\n\t\t\t\t\t<div class=\"fusion-column-wrapper\" style=\"background-position:left top;background-repeat:no-repeat;-webkit-background-size:cover;-moz-background-size:cover;-o-background-size:cover;background-size:cover;\"  data-bg-url=\"\">\n\t\t\t\t\t\t<div class=\"fusion-testimonials clean fusion-testimonials-2\" data-random=\"0\"><style type=\"text\/css\" scoped=\"scoped\">#fusion-testimonials-2 a{border-color:#747474;}#fusion-testimonials-2 a:hover, #fusion-testimonials-2 .activeSlide{background-color: #747474;}.fusion-testimonials.clean.fusion-testimonials-2 .author:after{border-top-color:#f6f6f6 !important;}<\/style><div class=\"reviews\"><div class=\"review female\"><div class=\"testimonial-thumbnail doe\" style=\"color:#747474;\"><\/div><blockquote style=\"background-color:#f6f6f6;\"><q style=\"background-color:#f6f6f6;color:#747474;\" class=\"fusion-clearfix\">\u2018F\u00fcr uns war es wichtig, dass die Kost\u00fcme vor dem Stichtag geliefert wurden. Trotz des enormen Zeitdrucks gelang es Phanine, unsere L\u00e4den rechtzeitig zu bevorraten. Eine \u2018zauberhafte\u2019 Leistung!\u2019<\/q><\/blockquote><div class=\"author\" style=\"color:#747474;\"><span class=\"company-name\"><\/span><\/div><\/div><\/div><div class=\"testimonial-pagination\" id=\"fusion-testimonials-2\"><\/div><\/div><div class=\"fusion-clearfix\"><\/div>\n\n\t\t\t\t\t<\/div>\n\t\t\t\t<\/div><\/div><\/div><\/span><\/p>\n","protected":false},"excerpt":{"rendered":"","protected":false},"author":4,"featured_media":0,"parent":0,"menu_order":29,"comment_status":"open","ping_status":"closed","template":"","meta":{"footnotes":""},"class_list":["post-12","page","type-page","status-publish","hentry"],"translation":{"provider":"WPGlobus","version":"3.0.2","language":"de","enabled_languages":["nl","en","de","fr"],"languages":{"nl":{"title":true,"content":true,"excerpt":false},"en":{"title":true,"content":true,"excerpt":false},"de":{"title":true,"content":true,"excerpt":false},"fr":{"title":true,"content":true,"excerpt":false}}},"_links":{"self":[{"href":"https:\/\/phanine.com\/de\/wp-json\/wp\/v2\/pages\/12"}],"collection":[{"href":"https:\/\/phanine.com\/de\/wp-json\/wp\/v2\/pages"}],"about":[{"href":"https:\/\/phanine.com\/de\/wp-json\/wp\/v2\/types\/page"}],"author":[{"embeddable":true,"href":"https:\/\/phanine.com\/de\/wp-json\/wp\/v2\/users\/4"}],"replies":[{"embeddable":true,"href":"https:\/\/phanine.com\/de\/wp-json\/wp\/v2\/comments?post=12"}],"version-history":[{"count":5,"href":"https:\/\/phanine.com\/de\/wp-json\/wp\/v2\/pages\/12\/revisions"}],"predecessor-version":[{"id":1147,"href":"https:\/\/phanine.com\/de\/wp-json\/wp\/v2\/pages\/12\/revisions\/1147"}],"wp:attachment":[{"href":"https:\/\/phanine.com\/de\/wp-json\/wp\/v2\/media?parent=12"}],"curies":[{"name":"wp","href":"https:\/\/api.w.org\/{rel}","templated":true}]}}