{"id":24,"date":"2015-02-27T15:56:43","date_gmt":"2015-02-27T15:56:43","guid":{"rendered":"http:\/\/phanine.com\/?page_id=24"},"modified":"2022-07-23T15:58:24","modified_gmt":"2022-07-23T13:58:24","slug":"souza","status":"publish","type":"page","link":"https:\/\/phanine.com\/de\/souza\/","title":{"rendered":"Souza!"},"content":{"rendered":"<p><div class=\"fusion-fullwidth fullwidth-box nonhundred-percent-fullwidth non-hundred-percent-height-scrolling\"  style='background-color: rgba(255,255,255,0);background-position: left top;background-repeat: no-repeat;padding-top:20px;padding-right:0px;padding-bottom:20px;padding-left:0px;border-top-width:0px;border-bottom-width:0px;border-color:#eae9e9;border-top-style:solid;border-bottom-style:solid;'><div class=\"fusion-builder-row fusion-row \"><div  class=\"fusion-layout-column fusion_builder_column fusion_builder_column_2_3  fusion-two-third fusion-column-first 2_3\"  style='margin-top:0px;margin-bottom:20px;width:65.3333%; margin-right: 4%;'>\n\t\t\t\t\t<div class=\"fusion-column-wrapper\" style=\"background-position:left top;background-repeat:no-repeat;-webkit-background-size:cover;-moz-background-size:cover;-o-background-size:cover;background-size:cover;\"  data-bg-url=\"\">\n\t\t\t\t\t\t<div class=\"fusion-text\"><p><a href=\"http:\/\/www.souzaforkids.com\/nl\/\" target=\"_blank\" rel=\"noopener\"><img loading=\"lazy\" decoding=\"async\" class=\" wp-image-269 aligncenter\" src=\"http:\/\/phanine.com\/wp-content\/uploads\/2015\/02\/Souza-Happy-Fantasy-full-colour1-300x168.jpg\" alt=\"Souza Happy Fantasy full colour\" width=\"210\" height=\"117\" srcset=\"https:\/\/phanine.com\/wp-content\/uploads\/2015\/02\/Souza-Happy-Fantasy-full-colour1-300x168.jpg 300w, https:\/\/phanine.com\/wp-content\/uploads\/2015\/02\/Souza-Happy-Fantasy-full-colour1-1024x572.jpg 1024w, https:\/\/phanine.com\/wp-content\/uploads\/2015\/02\/Souza-Happy-Fantasy-full-colour1.jpg 3496w\" sizes=\"(max-width: 210px) 100vw, 210px\" \/><\/a><\/p>\n<\/div><div class=\"fusion-clearfix\"><\/div>\n\n\t\t\t\t\t<\/div>\n\t\t\t\t<\/div><div  class=\"fusion-layout-column fusion_builder_column fusion_builder_column_1_3  fusion-one-third fusion-column-last 1_3\"  style='margin-top:0px;margin-bottom:20px;width:30.6666%'>\n\t\t\t\t\t<div class=\"fusion-column-wrapper\" style=\"background-position:left top;background-repeat:no-repeat;-webkit-background-size:cover;-moz-background-size:cover;-o-background-size:cover;background-size:cover;\"  data-bg-url=\"\">\n\t\t\t\t\t\t<div class=\"fusion-clearfix\"><\/div>\n\n\t\t\t\t\t<\/div>\n\t\t\t\t<\/div><\/div><\/div><div class=\"fusion-fullwidth fullwidth-box nonhundred-percent-fullwidth non-hundred-percent-height-scrolling\"  style='background-color: rgba(255,255,255,0);background-position: left top;background-repeat: no-repeat;padding-top:20px;padding-right:0px;padding-bottom:20px;padding-left:0px;border-top-width:0px;border-bottom-width:0px;border-color:#eae9e9;border-top-style:solid;border-bottom-style:solid;'><div class=\"fusion-builder-row fusion-row \"><div  class=\"fusion-layout-column fusion_builder_column fusion_builder_column_2_3  fusion-two-third fusion-column-first 2_3\"  style='margin-top:0px;margin-bottom:20px;width:65.3333%; margin-right: 4%;'>\n\t\t\t\t\t<div class=\"fusion-column-wrapper\" style=\"background-position:left top;background-repeat:no-repeat;-webkit-background-size:cover;-moz-background-size:cover;-o-background-size:cover;background-size:cover;\"  data-bg-url=\"\">\n\t\t\t\t\t\t<div class=\"fusion-text\"><p><a href=\"https:\/\/phanine.com\/wp-content\/uploads\/2022\/07\/Phanine-Collecties-2022.jpg\"><img loading=\"lazy\" decoding=\"async\" class=\"aligncenter wp-image-3893\" src=\"https:\/\/phanine.com\/wp-content\/uploads\/2022\/07\/Phanine-Collecties-2022-1024x1024.jpg\" alt=\"\" width=\"500\" height=\"500\" srcset=\"https:\/\/phanine.com\/wp-content\/uploads\/2022\/07\/Phanine-Collecties-2022-66x66.jpg 66w, https:\/\/phanine.com\/wp-content\/uploads\/2022\/07\/Phanine-Collecties-2022-150x150.jpg 150w, https:\/\/phanine.com\/wp-content\/uploads\/2022\/07\/Phanine-Collecties-2022-200x200.jpg 200w, https:\/\/phanine.com\/wp-content\/uploads\/2022\/07\/Phanine-Collecties-2022-300x300.jpg 300w, https:\/\/phanine.com\/wp-content\/uploads\/2022\/07\/Phanine-Collecties-2022-400x400.jpg 400w, https:\/\/phanine.com\/wp-content\/uploads\/2022\/07\/Phanine-Collecties-2022-600x600.jpg 600w, https:\/\/phanine.com\/wp-content\/uploads\/2022\/07\/Phanine-Collecties-2022-768x768.jpg 768w, https:\/\/phanine.com\/wp-content\/uploads\/2022\/07\/Phanine-Collecties-2022-800x800.jpg 800w, https:\/\/phanine.com\/wp-content\/uploads\/2022\/07\/Phanine-Collecties-2022-1024x1024.jpg 1024w, https:\/\/phanine.com\/wp-content\/uploads\/2022\/07\/Phanine-Collecties-2022.jpg 1181w\" sizes=\"(max-width: 500px) 100vw, 500px\" \/><\/a><\/p>\n<\/div><div class=\"fusion-clearfix\"><\/div>\n\n\t\t\t\t\t<\/div>\n\t\t\t\t<\/div><div  class=\"fusion-layout-column fusion_builder_column fusion_builder_column_1_3  fusion-one-third fusion-column-last 1_3\"  style='margin-top:0px;margin-bottom:20px;width:30.6666%'>\n\t\t\t\t\t<div class=\"fusion-column-wrapper\" style=\"background-position:left top;background-repeat:no-repeat;-webkit-background-size:cover;-moz-background-size:cover;-o-background-size:cover;background-size:cover;\"  data-bg-url=\"\">\n\t\t\t\t\t\t<div class=\"fusion-clearfix\"><\/div>\n\n\t\t\t\t\t<\/div>\n\t\t\t\t<\/div><\/div><\/div><div class=\"fusion-fullwidth fullwidth-box nonhundred-percent-fullwidth non-hundred-percent-height-scrolling\"  style='background-color: rgba(255,255,255,0);background-position: left top;background-repeat: no-repeat;padding-top:20px;padding-right:0px;padding-bottom:20px;padding-left:0px;border-top-width:0px;border-bottom-width:0px;border-color:#eae9e9;border-top-style:solid;border-bottom-style:solid;'><div class=\"fusion-builder-row fusion-row \"><div  class=\"fusion-layout-column fusion_builder_column fusion_builder_column_2_3  fusion-two-third fusion-column-first 2_3\"  style='margin-top:0px;margin-bottom:20px;width:65.3333%; margin-right: 4%;'>\n\t\t\t\t\t<div class=\"fusion-column-wrapper\" style=\"background-position:left top;background-repeat:no-repeat;-webkit-background-size:cover;-moz-background-size:cover;-o-background-size:cover;background-size:cover;\"  data-bg-url=\"\">\n\t\t\t\t\t\t<div class=\"fusion-text\"><h2>SOUZA!\u00ae\u00a0\u2013 Mit Blick f\u00fcr Details und Qualit\u00e4t<\/h2>\n<p>SOUZA!\u00ae\u00a0ist eine Welt voll origineller und fr\u00f6hlicher Accessoires und Kinderkost\u00fcme von hoher Qualit\u00e4t f\u00fcr Kinder von 2 bis 12 Jahren. Die heiteren und farbenfrohen Accessoires von SOUZA!\u00ae\u00a0er\u00f6ffnen Kindern eine zauberhafte Welt. Und das auch noch sehr bequem dank der perfekten Passform unserer SOUZA!\u00ae-Kinderkost\u00fcme. Verkleidungen, die ein L\u00e4cheln ins Gesicht zaubern!<\/p>\n<p>SOUZA!\u00ae\u00a0hat eine umfangreiche Kollektion van Accessoires, die Kinderaugen strahlen lassen. Diademe, Schmuck (f\u00fcr M\u00e4dchen und Jungen), Prinzessinnenschuhe, Kronen, H\u00fcte, Taschen, Zauberst\u00e4be und Einrichtungsgegenst\u00e4nde f\u00fcrs Kinderzimmer. Alles, was man sich vorstellen kann, ist in unserer Kollektion zu finden. In jeder Saison f\u00fcgen wir dem Sortiment neue Artikel und \u2018Must-Haves\u2019 hinzu. Wir lassen uns gerne inspirieren von hippen Farben, Themen und Materialien. Aber auch von Kinderw\u00fcnschen, Tr\u00e4umen und Fantasien.<\/p>\n<p class=\"p1\"><span class=\"s1\">Holen Sie sich Inspirationen auf<\/span><span style=\"line-height: 1.5;\">\u00a0<\/span><a style=\"line-height: 1.5;\" title=\"Souza!\" href=\"http:\/\/www.souzaforkids.com\" target=\"_blank\" rel=\"noopener\">www.souzaforkids.com<\/a><span style=\"line-height: 1.5;\">.<\/p>\n<\/div><div class=\"fusion-clearfix\"><\/div>\n\n\t\t\t\t\t<\/div>\n\t\t\t\t<\/div><div  class=\"fusion-layout-column fusion_builder_column fusion_builder_column_1_3  fusion-one-third fusion-column-last 1_3\"  style='margin-top:0px;margin-bottom:20px;width:30.6666%'>\n\t\t\t\t\t<div class=\"fusion-column-wrapper\" style=\"background-position:left top;background-repeat:no-repeat;-webkit-background-size:cover;-moz-background-size:cover;-o-background-size:cover;background-size:cover;\"  data-bg-url=\"\">\n\t\t\t\t\t\t<div class=\"fusion-clearfix\"><\/div>\n\n\t\t\t\t\t<\/div>\n\t\t\t\t<\/div><\/div><\/div><div class=\"fusion-fullwidth fullwidth-box hundred-percent-fullwidth non-hundred-percent-height-scrolling\"  style='background-color: rgba(255,255,255,0);background-position: center center;background-repeat: no-repeat;padding-top:0px;padding-right:0px;padding-bottom:0px;padding-left:0px;'><\/div><div class=\"fusion-builder-row fusion-row \"><\/div><div  class=\"fusion-layout-column fusion_builder_column fusion_builder_column_1_1  fusion-one-full fusion-column-first fusion-column-last fusion-column-no-min-height 1_1\"  style='margin-top:0px;margin-bottom:0px;width:100%'>\n\t\t\t\t\t<div class=\"fusion-column-wrapper\" style=\"background-position:left top;background-repeat:no-repeat;-webkit-background-size:cover;-moz-background-size:cover;-o-background-size:cover;background-size:cover;\"  data-bg-url=\"\">\n\t\t\t\t\t\t<div class=\"fusion-clearfix\"><\/div>\n\n\t\t\t\t\t<\/div>\n\t\t\t\t<\/div><div class=\"fusion-text\"><\/div><\/span><\/p>\n","protected":false},"excerpt":{"rendered":"","protected":false},"author":4,"featured_media":0,"parent":0,"menu_order":25,"comment_status":"open","ping_status":"closed","template":"","meta":{"footnotes":""},"class_list":["post-24","page","type-page","status-publish","hentry"],"translation":{"provider":"WPGlobus","version":"3.0.2","language":"de","enabled_languages":["nl","en","de","fr"],"languages":{"nl":{"title":true,"content":true,"excerpt":false},"en":{"title":true,"content":true,"excerpt":false},"de":{"title":true,"content":true,"excerpt":false},"fr":{"title":true,"content":true,"excerpt":false}}},"_links":{"self":[{"href":"https:\/\/phanine.com\/de\/wp-json\/wp\/v2\/pages\/24"}],"collection":[{"href":"https:\/\/phanine.com\/de\/wp-json\/wp\/v2\/pages"}],"about":[{"href":"https:\/\/phanine.com\/de\/wp-json\/wp\/v2\/types\/page"}],"author":[{"embeddable":true,"href":"https:\/\/phanine.com\/de\/wp-json\/wp\/v2\/users\/4"}],"replies":[{"embeddable":true,"href":"https:\/\/phanine.com\/de\/wp-json\/wp\/v2\/comments?post=24"}],"version-history":[{"count":4,"href":"https:\/\/phanine.com\/de\/wp-json\/wp\/v2\/pages\/24\/revisions"}],"predecessor-version":[{"id":3895,"href":"https:\/\/phanine.com\/de\/wp-json\/wp\/v2\/pages\/24\/revisions\/3895"}],"wp:attachment":[{"href":"https:\/\/phanine.com\/de\/wp-json\/wp\/v2\/media?parent=24"}],"curies":[{"name":"wp","href":"https:\/\/api.w.org\/{rel}","templated":true}]}}