{"id":41,"date":"2015-03-02T15:23:05","date_gmt":"2015-03-02T15:23:05","guid":{"rendered":"http:\/\/phanine.com\/?page_id=41"},"modified":"2022-07-23T15:53:24","modified_gmt":"2022-07-23T13:53:24","slug":"fantasy-brand-house","status":"publish","type":"page","link":"https:\/\/phanine.com\/de\/fantasy-brand-house\/","title":{"rendered":"Fantasy Brand House"},"content":{"rendered":"<p><div class=\"fusion-fullwidth fullwidth-box nonhundred-percent-fullwidth non-hundred-percent-height-scrolling\"  style='background-color: rgba(255,255,255,0);background-position: left top;background-repeat: no-repeat;padding-top:20px;padding-right:0px;padding-bottom:20px;padding-left:0px;border-top-width:0px;border-bottom-width:0px;border-color:#eae9e9;border-top-style:solid;border-bottom-style:solid;'><div class=\"fusion-builder-row fusion-row \"><div  class=\"fusion-layout-column fusion_builder_column fusion_builder_column_2_5  fusion-two-fifth fusion-column-first 2_5\"  style='margin-top:0px;margin-bottom:20px;width:37.6%; margin-right: 4%;'>\n\t\t\t\t\t<div class=\"fusion-column-wrapper\" style=\"background-position:left top;background-repeat:no-repeat;-webkit-background-size:cover;-moz-background-size:cover;-o-background-size:cover;background-size:cover;\"  data-bg-url=\"\">\n\t\t\t\t\t\t<div class=\"fusion-text\"><p><a href=\"https:\/\/phanine.com\/wp-content\/uploads\/2022\/07\/Souza-100920-21-22-Andre-5976-2-1.jpeg\"><img loading=\"lazy\" decoding=\"async\" class=\"alignnone size-medium wp-image-3889\" src=\"https:\/\/phanine.com\/wp-content\/uploads\/2022\/07\/Souza-100920-21-22-Andre-5976-2-1-300x300.jpeg\" alt=\"\" width=\"300\" height=\"300\" srcset=\"https:\/\/phanine.com\/wp-content\/uploads\/2022\/07\/Souza-100920-21-22-Andre-5976-2-1-66x66.jpeg 66w, https:\/\/phanine.com\/wp-content\/uploads\/2022\/07\/Souza-100920-21-22-Andre-5976-2-1-150x150.jpeg 150w, https:\/\/phanine.com\/wp-content\/uploads\/2022\/07\/Souza-100920-21-22-Andre-5976-2-1-200x200.jpeg 200w, https:\/\/phanine.com\/wp-content\/uploads\/2022\/07\/Souza-100920-21-22-Andre-5976-2-1-300x300.jpeg 300w, https:\/\/phanine.com\/wp-content\/uploads\/2022\/07\/Souza-100920-21-22-Andre-5976-2-1-400x400.jpeg 400w, https:\/\/phanine.com\/wp-content\/uploads\/2022\/07\/Souza-100920-21-22-Andre-5976-2-1-600x600.jpeg 600w, https:\/\/phanine.com\/wp-content\/uploads\/2022\/07\/Souza-100920-21-22-Andre-5976-2-1-768x768.jpeg 768w, https:\/\/phanine.com\/wp-content\/uploads\/2022\/07\/Souza-100920-21-22-Andre-5976-2-1-800x800.jpeg 800w, https:\/\/phanine.com\/wp-content\/uploads\/2022\/07\/Souza-100920-21-22-Andre-5976-2-1-1024x1024.jpeg 1024w, https:\/\/phanine.com\/wp-content\/uploads\/2022\/07\/Souza-100920-21-22-Andre-5976-2-1-1200x1200.jpeg 1200w, https:\/\/phanine.com\/wp-content\/uploads\/2022\/07\/Souza-100920-21-22-Andre-5976-2-1.jpeg 1276w\" sizes=\"(max-width: 300px) 100vw, 300px\" \/><\/a><\/p>\n<\/div><div class=\"fusion-clearfix\"><\/div>\n\n\t\t\t\t\t<\/div>\n\t\t\t\t<\/div><div  class=\"fusion-layout-column fusion_builder_column fusion_builder_column_2_5  fusion-two-fifth 2_5\"  style='margin-top:0px;margin-bottom:20px;width:37.6%; margin-right: 4%;'>\n\t\t\t\t\t<div class=\"fusion-column-wrapper\" style=\"background-position:left top;background-repeat:no-repeat;-webkit-background-size:cover;-moz-background-size:cover;-o-background-size:cover;background-size:cover;\"  data-bg-url=\"\">\n\t\t\t\t\t\t<div class=\"fusion-text\"><p><a href=\"https:\/\/phanine.com\/wp-content\/uploads\/2022\/07\/Souza-100929-30-31-Marie-Ella-5265.jpeg\"><img loading=\"lazy\" decoding=\"async\" class=\"alignnone size-medium wp-image-3887\" src=\"https:\/\/phanine.com\/wp-content\/uploads\/2022\/07\/Souza-100929-30-31-Marie-Ella-5265-300x300.jpeg\" alt=\"\" width=\"300\" height=\"300\" srcset=\"https:\/\/phanine.com\/wp-content\/uploads\/2022\/07\/Souza-100929-30-31-Marie-Ella-5265-66x66.jpeg 66w, https:\/\/phanine.com\/wp-content\/uploads\/2022\/07\/Souza-100929-30-31-Marie-Ella-5265-150x150.jpeg 150w, https:\/\/phanine.com\/wp-content\/uploads\/2022\/07\/Souza-100929-30-31-Marie-Ella-5265-200x200.jpeg 200w, https:\/\/phanine.com\/wp-content\/uploads\/2022\/07\/Souza-100929-30-31-Marie-Ella-5265-300x300.jpeg 300w, https:\/\/phanine.com\/wp-content\/uploads\/2022\/07\/Souza-100929-30-31-Marie-Ella-5265-400x400.jpeg 400w, https:\/\/phanine.com\/wp-content\/uploads\/2022\/07\/Souza-100929-30-31-Marie-Ella-5265-600x600.jpeg 600w, https:\/\/phanine.com\/wp-content\/uploads\/2022\/07\/Souza-100929-30-31-Marie-Ella-5265-768x768.jpeg 768w, https:\/\/phanine.com\/wp-content\/uploads\/2022\/07\/Souza-100929-30-31-Marie-Ella-5265-800x800.jpeg 800w, https:\/\/phanine.com\/wp-content\/uploads\/2022\/07\/Souza-100929-30-31-Marie-Ella-5265-1024x1024.jpeg 1024w, https:\/\/phanine.com\/wp-content\/uploads\/2022\/07\/Souza-100929-30-31-Marie-Ella-5265-1200x1200.jpeg 1200w, https:\/\/phanine.com\/wp-content\/uploads\/2022\/07\/Souza-100929-30-31-Marie-Ella-5265.jpeg 1276w\" sizes=\"(max-width: 300px) 100vw, 300px\" \/><\/a><\/p>\n<\/div><div class=\"fusion-clearfix\"><\/div>\n\n\t\t\t\t\t<\/div>\n\t\t\t\t<\/div><\/div><\/div><div class=\"fusion-fullwidth fullwidth-box nonhundred-percent-fullwidth non-hundred-percent-height-scrolling\"  style='background-color: rgba(255,255,255,0);background-position: left top;background-repeat: no-repeat;padding-top:20px;padding-right:0px;padding-bottom:20px;padding-left:0px;border-top-width:0px;border-bottom-width:0px;border-color:#eae9e9;border-top-style:solid;border-bottom-style:solid;'><div class=\"fusion-builder-row fusion-row \"><div  class=\"fusion-layout-column fusion_builder_column fusion_builder_column_2_3  fusion-two-third fusion-column-first 2_3\"  style='margin-top:0px;margin-bottom:20px;width:65.3333%; margin-right: 4%;'>\n\t\t\t\t\t<div class=\"fusion-column-wrapper\" style=\"background-position:left top;background-repeat:no-repeat;-webkit-background-size:cover;-moz-background-size:cover;-o-background-size:cover;background-size:cover;\"  data-bg-url=\"\">\n\t\t\t\t\t\t<div class=\"fusion-text\"><h2>Willkommen bei Phanine, Fantasy Brand House.<\/h2>\n<p>Fr\u00f6hliche Kinderaccessoires und -kost\u00fcme als einzigartige Kollektionen: Bei Phanine dreht sich alles um Fantasie und ausgefallene Entw\u00fcrfe. Wir lassen uns von der schier unersch\u00f6pflichen Inspiration leiten, die wir durch originelle Kombinationen von Materialien und Farben bekommen. Ritter, Prinzessinnen, Cowboys und -girls stehen auf unsere tollen Kinderkost\u00fcme!<\/p>\n<h3>Besonderes Design<\/h3>\n<p>Bei uns finden Sie noch echte Liebe zum Fach. Mit einem kleinen, begeisterten Team entwerfen wir in den Niederlanden die fr\u00f6hlichen Designs und besonderen Details, die so charakteristisch f\u00fcr unsere Produkte sind.<\/p>\n<p>Die heiteren und farbenfrohen Kollektionen unserer zwei Marken SOUZA!\u00ae\u00a0und ROSE &amp; ROMEO\u00ae\u00a0werden jede Saison um neue Produktgruppen erweitert. In \u00fcber 40 L\u00e4ndern weltweit bereichern wir Tag f\u00fcr Tag die Fantasiewelt von Kindern!<\/p>\n<p>Neben unseren eigenen Marken produzieren wir seit vielen Jahren exklusive Private-Label-Artikel f\u00fcr gro\u00dfe Freizeitparks, Einzelhandelsketten und Museen.<\/p>\n<h3>Beste Qualit\u00e4t<\/h3>\n<p>Wir sind stolz auf die Qualit\u00e4t unserer Produkte. Und nat\u00fcrlich sind wir auch stolz darauf, dass wir diese hohe Qualit\u00e4t zum besten Preis anbieten k\u00f6nnen. Erm\u00f6glicht wird dies durch unsere jahrelange enge Zusammenarbeit mit zuverl\u00e4ssigen Partnern in Asien.<\/p>\n<p>Unser internationales Vertriebsnetz besteht aus sorgf\u00e4ltig ausgew\u00e4hlten Vertretern und Vertriebspartnern.<\/p>\n<p>Mehr Inspirationen finden Sie auf <a title=\"Souza for Kids\" href=\"http:\/\/www.souzaforkids.com\/nl\/\" target=\"_blank\" rel=\"noopener\">www.souzaforkids.com<\/a> und <a title=\"Rose &amp; Romeo\" href=\"http:\/\/www.roseandromeo.com\/nl\/home\/\" target=\"_blank\" rel=\"noopener\">www.roseandromeo.com<\/a>.<\/p>\n<p>Wir bringen Spa\u00df und Farbe in die Welt der Kinder!<\/p>\n<\/div><div class=\"fusion-clearfix\"><\/div>\n\n\t\t\t\t\t<\/div>\n\t\t\t\t<\/div><div  class=\"fusion-layout-column fusion_builder_column fusion_builder_column_1_3  fusion-one-third fusion-column-last 1_3\"  style='margin-top:0px;margin-bottom:20px;width:30.6666%'>\n\t\t\t\t\t<div class=\"fusion-column-wrapper\" style=\"background-position:left top;background-repeat:no-repeat;-webkit-background-size:cover;-moz-background-size:cover;-o-background-size:cover;background-size:cover;\"  data-bg-url=\"\">\n\t\t\t\t\t\t<div class=\"fusion-clearfix\"><\/div>\n\n\t\t\t\t\t<\/div>\n\t\t\t\t<\/div><\/div><\/div><\/p>\n<p style=\"padding-left: 90px;\">\n","protected":false},"excerpt":{"rendered":"","protected":false},"author":4,"featured_media":0,"parent":0,"menu_order":24,"comment_status":"open","ping_status":"open","template":"","meta":{"footnotes":""},"class_list":["post-41","page","type-page","status-publish","hentry"],"translation":{"provider":"WPGlobus","version":"3.0.2","language":"de","enabled_languages":["nl","en","de","fr"],"languages":{"nl":{"title":true,"content":true,"excerpt":false},"en":{"title":true,"content":true,"excerpt":false},"de":{"title":true,"content":true,"excerpt":false},"fr":{"title":true,"content":true,"excerpt":false}}},"_links":{"self":[{"href":"https:\/\/phanine.com\/de\/wp-json\/wp\/v2\/pages\/41"}],"collection":[{"href":"https:\/\/phanine.com\/de\/wp-json\/wp\/v2\/pages"}],"about":[{"href":"https:\/\/phanine.com\/de\/wp-json\/wp\/v2\/types\/page"}],"author":[{"embeddable":true,"href":"https:\/\/phanine.com\/de\/wp-json\/wp\/v2\/users\/4"}],"replies":[{"embeddable":true,"href":"https:\/\/phanine.com\/de\/wp-json\/wp\/v2\/comments?post=41"}],"version-history":[{"count":10,"href":"https:\/\/phanine.com\/de\/wp-json\/wp\/v2\/pages\/41\/revisions"}],"predecessor-version":[{"id":3891,"href":"https:\/\/phanine.com\/de\/wp-json\/wp\/v2\/pages\/41\/revisions\/3891"}],"wp:attachment":[{"href":"https:\/\/phanine.com\/de\/wp-json\/wp\/v2\/media?parent=41"}],"curies":[{"name":"wp","href":"https:\/\/api.w.org\/{rel}","templated":true}]}}