{"id":47,"date":"2015-03-02T15:24:16","date_gmt":"2015-03-02T15:24:16","guid":{"rendered":"http:\/\/phanine.com\/?page_id=47"},"modified":"2017-09-15T20:53:28","modified_gmt":"2017-09-15T18:53:28","slug":"disclaimer","status":"publish","type":"page","link":"https:\/\/phanine.com\/de\/disclaimer\/","title":{"rendered":"Haftungsausschluss"},"content":{"rendered":"<p>Dieser Haftungsausschluss gilt f\u00fcr die Website: www.phanine.com.<\/p>\n<p>Mit dem Besuch dieser Website und\/oder der Nutzung der auf dieser Website ver\u00f6ffentlichten Informationen erkl\u00e4ren Sie sich mit der Anwendbarkeit dieses Haftungsausschlusses einverstanden.<\/p>\n<p>Die Angaben auf dieser Website sind nur als allgemeine Informationen bestimmt. Es k\u00f6nnen keine Rechte aus den Informationen auf dieser Website abgeleitet werden. Phanine l\u00e4sst gr\u00f6\u00dfte Sorgfalt bei der Erstellung und Pflege dieser Website walten und greift dabei auf Quellen zur\u00fcck, die als zuverl\u00e4ssig gelten. F\u00fcr die Richtigkeit, Vollst\u00e4ndigkeit und Aktualit\u00e4t der auf dieser Website ver\u00f6ffentlichen Informationen kann jedoch keine Gew\u00e4hr \u00fcbernommen werden. Phanine \u00fcbernimmt ebenfalls keine Gew\u00e4hr f\u00fcr die fehlerfreie Funktion und st\u00e4ndige Verf\u00fcgbarkeit dieser Website. Phanine \u00fcbernimmt ausdr\u00fccklich keinerlei Haftung f\u00fcr die Richtigkeit, Vollst\u00e4ndigkeit und Aktualit\u00e4t der ver\u00f6ffentlichten Informationen und f\u00fcr die (st\u00f6rungsfreie) Nutzung dieser Website.<\/p>\n<p>Wenn die Website von Phanine Links zu Websites Dritter enth\u00e4lt, bedeutet dies nicht, dass die dort angebotenen Produkte oder Dienstleistungen von Phanine empfohlen werden. Phanine \u00fcbernimmt keinerlei Haftung oder Verantwortung f\u00fcr den Inhalt, die Nutzung oder die Verf\u00fcgbarkeit von Websites, die mit dieser Website verlinkt sind. Die Nutzung solcher Links erfolgt auf eigene Gefahr. Phanine haftet nicht f\u00fcr etwaige Sch\u00e4den, die von diesen Websites verursacht werden. Die Informationen auf verlinkten Websites wurden von Phanine nicht auf ihre Richtigkeit, Sittlichkeit, Aktualit\u00e4t oder Vollst\u00e4ndigkeit beurteilt.<\/p>\n<p>Phanine beh\u00e4lt sich alle Urheberrechte und sonstigen Rechte bez\u00fcglich aller auf dieser Website ver\u00f6ffentlichten Informationen (darunter alle Texte, Abbildungen, Grafiken und Logos) vor. Es ist ohne vorherige schriftliche Einwilligung von Phanine oder die ausdr\u00fcckliche Einwilligung des Rechteinhabers nicht gestattet, Informationen von dieser Website zu kopieren, herunterzuladen oder anderweitig zu ver\u00f6ffentlichen, zu verbreiten oder zu vervielf\u00e4ltigen. Die Informationen auf dieser Website d\u00fcrfen jedoch zum pers\u00f6nlichen Gebrauch heruntergeladen und\/oder ausgedruckt werden.<\/p>\n<p>Phanine beh\u00e4lt sich das Recht vor, die auf dieser Website ver\u00f6ffentlichten Informationen einschlie\u00dflich des Wortlauts dieses Haftungsausschlusses jederzeit ohne vorherige Ank\u00fcndigung zu \u00e4ndern. Es wird empfohlen, in regelm\u00e4\u00dfigen Abst\u00e4nden zu pr\u00fcfen, ob die auf dieser Website ver\u00f6ffentlichten Informationen einschlie\u00dflich des Wortlauts dieses Haftungsausschlusses ge\u00e4ndert wurden.<\/p>\n<p>Auf diese Website und den Haftungsausschluss ist niederl\u00e4ndisches Recht anwendbar. Alle Rechtsstreitigkeiten, die sich aus oder im Zusammenhang mit diesem Haftungsausschluss ergeben, werden ausschlie\u00dflich dem zust\u00e4ndigen niederl\u00e4ndischen Gericht vorgelegt.<\/p>\n","protected":false},"excerpt":{"rendered":"<p>Dieser Haftungsausschluss gilt f\u00fcr die Website: www.phanine.com. Mit dem Besuch dieser Website und\/oder der Nutzung der auf dieser Website ver\u00f6ffentlichten Informationen erkl\u00e4ren Sie sich mit der Anwendbarkeit dieses Haftungsausschlusses einverstanden. Die Angaben auf dieser Website sind nur als allgemeine Informationen bestimmt. Es k\u00f6nnen keine Rechte aus den Informationen auf dieser Website abgeleitet werden. Phanine l\u00e4sst [&hellip;]<\/p>\n","protected":false},"author":4,"featured_media":0,"parent":0,"menu_order":20,"comment_status":"open","ping_status":"open","template":"","meta":{"footnotes":""},"class_list":["post-47","page","type-page","status-publish","hentry"],"translation":{"provider":"WPGlobus","version":"3.0.2","language":"de","enabled_languages":["nl","en","de","fr"],"languages":{"nl":{"title":true,"content":true,"excerpt":false},"en":{"title":true,"content":true,"excerpt":false},"de":{"title":true,"content":true,"excerpt":false},"fr":{"title":true,"content":true,"excerpt":false}}},"_links":{"self":[{"href":"https:\/\/phanine.com\/de\/wp-json\/wp\/v2\/pages\/47"}],"collection":[{"href":"https:\/\/phanine.com\/de\/wp-json\/wp\/v2\/pages"}],"about":[{"href":"https:\/\/phanine.com\/de\/wp-json\/wp\/v2\/types\/page"}],"author":[{"embeddable":true,"href":"https:\/\/phanine.com\/de\/wp-json\/wp\/v2\/users\/4"}],"replies":[{"embeddable":true,"href":"https:\/\/phanine.com\/de\/wp-json\/wp\/v2\/comments?post=47"}],"version-history":[{"count":6,"href":"https:\/\/phanine.com\/de\/wp-json\/wp\/v2\/pages\/47\/revisions"}],"predecessor-version":[{"id":4059,"href":"https:\/\/phanine.com\/de\/wp-json\/wp\/v2\/pages\/47\/revisions\/4059"}],"wp:attachment":[{"href":"https:\/\/phanine.com\/de\/wp-json\/wp\/v2\/media?parent=47"}],"curies":[{"name":"wp","href":"https:\/\/api.w.org\/{rel}","templated":true}]}}