{"id":55,"date":"2015-03-02T19:22:32","date_gmt":"2015-03-02T19:22:32","guid":{"rendered":"http:\/\/phanine.com\/?page_id=55"},"modified":"2020-03-30T14:25:28","modified_gmt":"2020-03-30T12:25:28","slug":"phanine","status":"publish","type":"page","link":"https:\/\/phanine.com\/de\/phanine\/","title":{"rendered":"\u00dcber uns"},"content":{"rendered":"<p><div class=\"fusion-fullwidth fullwidth-box nonhundred-percent-fullwidth non-hundred-percent-height-scrolling\"  style='background-color: rgba(255,255,255,0);background-position: left top;background-repeat: no-repeat;padding-top:0px;padding-right:0px;padding-bottom:20px;padding-left:0px;border-top-width:0px;border-bottom-width:0px;border-color:#eae9e9;border-top-style:solid;border-bottom-style:solid;'><div class=\"fusion-builder-row fusion-row \"><div  class=\"fusion-layout-column fusion_builder_column fusion_builder_column_2_3  fusion-two-third fusion-column-first 2_3\"  style='margin-top:0px;margin-bottom:20px;width:65.3333%; margin-right: 4%;'>\n\t\t\t\t\t<div class=\"fusion-column-wrapper\" style=\"background-position:left top;background-repeat:no-repeat;-webkit-background-size:cover;-moz-background-size:cover;-o-background-size:cover;background-size:cover;\"  data-bg-url=\"\">\n\t\t\t\t\t\t<div class=\"fusion-text\"><h2>Willkommen bei Phanine, Fantasy Brand House<\/h2>\n<p>Wir entwickeln und produzieren einzigartige Kollektionen von fr\u00f6hlichen Kinderaccessoires und -kost\u00fcmen.<\/p>\n<p>Durch kreative Kombinationen aus Materialien und Farben schaffen wir ganz besondere Entw\u00fcrfe. Mit unseren Produkten, hergestellt mit viel Inspiration und Fantasie, zaubern wir ein L\u00e4cheln auf jedes Kindergesicht.<\/p>\n<p>Mit einem kleinen, begeisterten Team in den Niederlanden entwickeln wir fr\u00f6hliche Designs mit einem ausgezeichneten Preis-Qualit\u00e4ts-Verh\u00e4ltnis.<\/p>\n<p>Die heiteren und farbenfrohen Kollektionen unserer Marken SOUZA!\u00ae und\u00a0ROSE &amp; ROMEO\u00ae\u00a0erweitern wir jedes Jahr um neue Produktgruppen. Diese werden in \u00fcber 40 L\u00e4ndern weltweit vertrieben.<\/p>\n<p>Nachdem wir in erster Linie durch diese beiden Marken bekannt geworden sind, entwickeln und produzieren wir heute auch Private-Label-Artikel f\u00fcr bekannte Einzelhandelsketten, Freizeitparks, Museen usw.<\/p>\n<p>Die Produktion dieser Entw\u00fcrfe erfolgt bei unseren weltweite Partnern, mit denen uns eine langj\u00e4hrige gute Zusammenarbeit verbindet.<\/p>\n<p>Wir verf\u00fcgen \u00fcber ein internationales Vertriebsnetz von ausgew\u00e4hlten Vertretern und Vertriebspartnern. Wir sind auch Aussteller auf allen wichtigen Messen in Europa, siehe <a href=\"https:\/\/phanine.com\/de\/agenda\/\" target=\"_blank\" rel=\"noopener\">Agenda<\/a>.<\/p>\n<p>Alle Lieferungen an Einzelh\u00e4ndler kommen aus unserem Lager im niederl\u00e4ndischen Sint Oedenrode.<\/p>\n<p><span style=\"line-height: 1.5;\">F\u00fcr weitere Inspirationen:\u00a0<\/span><a style=\"line-height: 1.5;\" href=\"http:\/\/www.souzaforkids.com\/\" target=\"_blank\" rel=\"noopener\">www.souzaforkids.com.<\/a><\/p>\n<p>Wir bringen Spa\u00df und Farbe in die Welt der Kinder!<\/p>\n<\/div><div class=\"fusion-clearfix\"><\/div>\n\n\t\t\t\t\t<\/div>\n\t\t\t\t<\/div><div  class=\"fusion-layout-column fusion_builder_column fusion_builder_column_1_3  fusion-one-third fusion-column-last 1_3\"  style='margin-top:0px;margin-bottom:20px;width:30.6666%'>\n\t\t\t\t\t<div class=\"fusion-column-wrapper\" style=\"background-position:left top;background-repeat:no-repeat;-webkit-background-size:cover;-moz-background-size:cover;-o-background-size:cover;background-size:cover;\"  data-bg-url=\"\">\n\t\t\t\t\t\t<div class=\"fusion-clearfix\"><\/div>\n\n\t\t\t\t\t<\/div>\n\t\t\t\t<\/div><\/div><\/div><div class=\"fusion-fullwidth fullwidth-box hundred-percent-fullwidth non-hundred-percent-height-scrolling\"  style='background-color: rgba(255,255,255,0);background-position: center center;background-repeat: no-repeat;padding-top:0px;padding-right:0px;padding-bottom:0px;padding-left:0px;'><\/div><div class=\"fusion-builder-row fusion-row \"><\/div><div  class=\"fusion-layout-column fusion_builder_column fusion_builder_column_1_1  fusion-one-full fusion-column-first fusion-column-last fusion-column-no-min-height 1_1\"  style='margin-top:0px;margin-bottom:0px;width:100%'>\n\t\t\t\t\t<div class=\"fusion-column-wrapper\" style=\"background-position:left top;background-repeat:no-repeat;-webkit-background-size:cover;-moz-background-size:cover;-o-background-size:cover;background-size:cover;\"  data-bg-url=\"\">\n\t\t\t\t\t\t<div class=\"fusion-clearfix\"><\/div>\n\n\t\t\t\t\t<\/div>\n\t\t\t\t<\/div><div class=\"fusion-text\"><\/div><\/p>\n","protected":false},"excerpt":{"rendered":"","protected":false},"author":4,"featured_media":0,"parent":0,"menu_order":19,"comment_status":"open","ping_status":"open","template":"","meta":{"footnotes":""},"class_list":["post-55","page","type-page","status-publish","hentry"],"translation":{"provider":"WPGlobus","version":"3.0.2","language":"de","enabled_languages":["nl","en","de","fr"],"languages":{"nl":{"title":true,"content":true,"excerpt":false},"en":{"title":true,"content":true,"excerpt":false},"de":{"title":true,"content":true,"excerpt":false},"fr":{"title":true,"content":true,"excerpt":false}}},"_links":{"self":[{"href":"https:\/\/phanine.com\/de\/wp-json\/wp\/v2\/pages\/55"}],"collection":[{"href":"https:\/\/phanine.com\/de\/wp-json\/wp\/v2\/pages"}],"about":[{"href":"https:\/\/phanine.com\/de\/wp-json\/wp\/v2\/types\/page"}],"author":[{"embeddable":true,"href":"https:\/\/phanine.com\/de\/wp-json\/wp\/v2\/users\/4"}],"replies":[{"embeddable":true,"href":"https:\/\/phanine.com\/de\/wp-json\/wp\/v2\/comments?post=55"}],"version-history":[{"count":12,"href":"https:\/\/phanine.com\/de\/wp-json\/wp\/v2\/pages\/55\/revisions"}],"predecessor-version":[{"id":4054,"href":"https:\/\/phanine.com\/de\/wp-json\/wp\/v2\/pages\/55\/revisions\/4054"}],"wp:attachment":[{"href":"https:\/\/phanine.com\/de\/wp-json\/wp\/v2\/media?parent=55"}],"curies":[{"name":"wp","href":"https:\/\/api.w.org\/{rel}","templated":true}]}}