{"id":12,"date":"2015-02-27T15:54:32","date_gmt":"2015-02-27T15:54:32","guid":{"rendered":"http:\/\/phanine.com\/?page_id=12"},"modified":"2017-10-10T10:57:50","modified_gmt":"2017-10-10T08:57:50","slug":"private-label","status":"publish","type":"page","link":"https:\/\/phanine.com\/fr\/private-label\/","title":{"rendered":"Private label"},"content":{"rendered":"<p><div class=\"fusion-fullwidth fullwidth-box nonhundred-percent-fullwidth non-hundred-percent-height-scrolling\"  style='background-color: rgba(255,255,255,0);background-position: left top;background-repeat: no-repeat;padding-top:20px;padding-right:0px;padding-bottom:20px;padding-left:0px;border-top-width:0px;border-bottom-width:0px;border-color:#eae9e9;border-top-style:solid;border-bottom-style:solid;'><div class=\"fusion-builder-row fusion-row \"><div  class=\"fusion-layout-column fusion_builder_column fusion_builder_column_2_3  fusion-two-third fusion-column-first 2_3\"  style='margin-top:0px;margin-bottom:20px;width:65.3333%; margin-right: 4%;'>\n\t\t\t\t\t<div class=\"fusion-column-wrapper\" style=\"background-position:left top;background-repeat:no-repeat;-webkit-background-size:cover;-moz-background-size:cover;-o-background-size:cover;background-size:cover;\"  data-bg-url=\"\">\n\t\t\t\t\t\t<div class=\"fusion-text\"><h2>Private Label \u2013 Preferred B2B partner<\/h2>\n<p>Depuis de nombreuses ann\u00e9es, nos d\u00e9guisements et accessoires personnalis\u00e9s pour enfants (private label) font partie du monde merveilleux des jeunes clients \u2013 les plus importants sans aucun doute \u2013 des parcs d\u2019attractions tels que l\u2019Efteling, Toverland et Euro Disney, et de grands magasins. Experts dans notre domaine, nous cr\u00e9ons des v\u00eatements et accessoires sp\u00e9cifiques pour le client, qui stimulent la fantaisie tout en r\u00e9pondant aux plus r\u00e9centes normes europ\u00e9ennes.<\/p>\n<p>Pourquoi sommes-nous un partenaire de choix lorsqu\u2019il s\u2019agit de cr\u00e9er et produire des d\u00e9guisements, couronnes, baguettes magiques, ensembles d\u2019elfe, chaussures de princesse, bijoux, diad\u00e8mes, accessoires pour les cheveux, sacs, portemonnaies et bien plus encore\u00a0? Laissons ici la parole \u00e0 nos clients\u00a0; des clients qui nous restent fid\u00e8les gr\u00e2ce \u00e0 notre excellent rapport qualit\u00e9-prix. Et parce que nous fournissons toujours ce que nous promettons.<\/p>\n<p><span style=\"line-height: 1.5;\"><\/p>\n<\/div><div class=\"fusion-clearfix\"><\/div>\n\n\t\t\t\t\t<\/div>\n\t\t\t\t<\/div><div  class=\"fusion-layout-column fusion_builder_column fusion_builder_column_1_3  fusion-one-third fusion-column-last 1_3\"  style='margin-top:0px;margin-bottom:20px;width:30.6666%'>\n\t\t\t\t\t<div class=\"fusion-column-wrapper\" style=\"background-position:left top;background-repeat:no-repeat;-webkit-background-size:cover;-moz-background-size:cover;-o-background-size:cover;background-size:cover;\"  data-bg-url=\"\">\n\t\t\t\t\t\t<div class=\"fusion-clearfix\"><\/div>\n\n\t\t\t\t\t<\/div>\n\t\t\t\t<\/div><div  class=\"fusion-layout-column fusion_builder_column fusion_builder_column_1_3  fusion-one-third fusion-column-first 1_3\"  style='margin-top:0px;margin-bottom:20px;width:30.6666%; margin-right: 4%;'>\n\t\t\t\t\t<div class=\"fusion-column-wrapper\" style=\"background-position:left top;background-repeat:no-repeat;-webkit-background-size:cover;-moz-background-size:cover;-o-background-size:cover;background-size:cover;\"  data-bg-url=\"\">\n\t\t\t\t\t\t<div class=\"fusion-testimonials clean fusion-testimonials-1\" data-random=\"0\"><style type=\"text\/css\" scoped=\"scoped\">#fusion-testimonials-1 a{border-color:#747474;}#fusion-testimonials-1 a:hover, #fusion-testimonials-1 .activeSlide{background-color: #747474;}.fusion-testimonials.clean.fusion-testimonials-1 .author:after{border-top-color:#f6f6f6 !important;}<\/style><div class=\"reviews\"><div class=\"review male\"><div class=\"testimonial-thumbnail doe\" style=\"color:#747474;\"><\/div><blockquote style=\"background-color:#f6f6f6;\"><q style=\"background-color:#f6f6f6;color:#747474;\" class=\"fusion-clearfix\">\u2018Nous confions \u00e0 Phanine la cr\u00e9ation et la production de nos v\u00eatements \u2018personnage\u2019. Ils nous lib\u00e8rent ainsi d\u2019une grande pr\u00e9occupation. Et le r\u00e9sultat final r\u00e9pond toujours amplement \u00e0 nos attentes.\u2019<\/q><\/blockquote><div class=\"author\" style=\"color:#747474;\"><span class=\"company-name\"><\/span><\/div><\/div><\/div><div class=\"testimonial-pagination\" id=\"fusion-testimonials-1\"><\/div><\/div><div class=\"fusion-clearfix\"><\/div>\n\n\t\t\t\t\t<\/div>\n\t\t\t\t<\/div><div  class=\"fusion-layout-column fusion_builder_column fusion_builder_column_1_3  fusion-one-third 1_3\"  style='margin-top:0px;margin-bottom:20px;width:30.6666%; margin-right: 4%;'>\n\t\t\t\t\t<div class=\"fusion-column-wrapper\" style=\"background-position:left top;background-repeat:no-repeat;-webkit-background-size:cover;-moz-background-size:cover;-o-background-size:cover;background-size:cover;\"  data-bg-url=\"\">\n\t\t\t\t\t\t<div class=\"fusion-testimonials clean fusion-testimonials-2\" data-random=\"0\"><style type=\"text\/css\" scoped=\"scoped\">#fusion-testimonials-2 a{border-color:#747474;}#fusion-testimonials-2 a:hover, #fusion-testimonials-2 .activeSlide{background-color: #747474;}.fusion-testimonials.clean.fusion-testimonials-2 .author:after{border-top-color:#f6f6f6 !important;}<\/style><div class=\"reviews\"><div class=\"review female\"><div class=\"testimonial-thumbnail doe\" style=\"color:#747474;\"><\/div><blockquote style=\"background-color:#f6f6f6;\"><q style=\"background-color:#f6f6f6;color:#747474;\" class=\"fusion-clearfix\">\u2018Il \u00e9tait essentiel que les v\u00eatements puissent \u00eatre livr\u00e9s avant une date bien pr\u00e9cise. Malgr\u00e9 l\u2019\u00e9norme pression du calendrier, Phanine a r\u00e9ussi \u00e0 approvisionner \u00e0 temps nos magasins. Un exemple \u2018magique\u2019 de travail.\u2019<\/q><\/blockquote><div class=\"author\" style=\"color:#747474;\"><span class=\"company-name\"><\/span><\/div><\/div><\/div><div class=\"testimonial-pagination\" id=\"fusion-testimonials-2\"><\/div><\/div><div class=\"fusion-clearfix\"><\/div>\n\n\t\t\t\t\t<\/div>\n\t\t\t\t<\/div><\/div><\/div><\/span><\/p>\n","protected":false},"excerpt":{"rendered":"","protected":false},"author":4,"featured_media":0,"parent":0,"menu_order":29,"comment_status":"open","ping_status":"closed","template":"","meta":{"footnotes":""},"class_list":["post-12","page","type-page","status-publish","hentry"],"translation":{"provider":"WPGlobus","version":"3.0.2","language":"fr","enabled_languages":["nl","en","de","fr"],"languages":{"nl":{"title":true,"content":true,"excerpt":false},"en":{"title":true,"content":true,"excerpt":false},"de":{"title":true,"content":true,"excerpt":false},"fr":{"title":true,"content":true,"excerpt":false}}},"_links":{"self":[{"href":"https:\/\/phanine.com\/fr\/wp-json\/wp\/v2\/pages\/12"}],"collection":[{"href":"https:\/\/phanine.com\/fr\/wp-json\/wp\/v2\/pages"}],"about":[{"href":"https:\/\/phanine.com\/fr\/wp-json\/wp\/v2\/types\/page"}],"author":[{"embeddable":true,"href":"https:\/\/phanine.com\/fr\/wp-json\/wp\/v2\/users\/4"}],"replies":[{"embeddable":true,"href":"https:\/\/phanine.com\/fr\/wp-json\/wp\/v2\/comments?post=12"}],"version-history":[{"count":5,"href":"https:\/\/phanine.com\/fr\/wp-json\/wp\/v2\/pages\/12\/revisions"}],"predecessor-version":[{"id":1147,"href":"https:\/\/phanine.com\/fr\/wp-json\/wp\/v2\/pages\/12\/revisions\/1147"}],"wp:attachment":[{"href":"https:\/\/phanine.com\/fr\/wp-json\/wp\/v2\/media?parent=12"}],"curies":[{"name":"wp","href":"https:\/\/api.w.org\/{rel}","templated":true}]}}