{"id":18,"date":"2015-02-27T15:55:29","date_gmt":"2015-02-27T15:55:29","guid":{"rendered":"http:\/\/phanine.com\/?page_id=18"},"modified":"2025-02-10T15:44:51","modified_gmt":"2025-02-10T14:44:51","slug":"werken-bij-phanine","status":"publish","type":"page","link":"https:\/\/phanine.com\/fr\/werken-bij-phanine\/","title":{"rendered":"Travailler chez Phanine"},"content":{"rendered":"<div class=\"fusion-fullwidth fullwidth-box nonhundred-percent-fullwidth non-hundred-percent-height-scrolling\"  style='background-color: rgba(255,255,255,0);background-position: left top;background-repeat: no-repeat;padding-top:0px;padding-right:0px;padding-bottom:20px;padding-left:0px;border-top-width:0px;border-bottom-width:0px;border-color:#eae9e9;border-top-style:solid;border-bottom-style:solid;'><div class=\"fusion-builder-row fusion-row \"><div  class=\"fusion-layout-column fusion_builder_column fusion_builder_column_2_3  fusion-two-third fusion-column-first 2_3\"  style='margin-top:0px;margin-bottom:20px;width:65.3333%; margin-right: 4%;'>\n\t\t\t\t\t<div class=\"fusion-column-wrapper\" style=\"background-position:left top;background-repeat:no-repeat;-webkit-background-size:cover;-moz-background-size:cover;-o-background-size:cover;background-size:cover;\"  data-bg-url=\"\">\n\t\t\t\t\t\t<div class=\"fusion-text\"><h2>Travailler chez Phanine<\/h2>\n<p><span data-olk-copy-source=\"MessageBody\">Nous travaillons avec une \u00e9quipe restreinte et d\u00e9vou\u00e9e dans nos bureaux \u00e0 Sint-Oedenrode. Pour compl\u00e9ter notre \u00e9quipe, nous collaborons ponctuellement et selon les besoins, avec des partenaires enthousiastes dans des domaines tels que le stylisme, le design graphique, la photographie et les m\u00e9dias. <\/span>Actuellement, nous ne recherchons pas activement de nouveaux collaborateurs ou partenaires, mais l&#8217;avenir r\u00e9serve toujours des surprises ! Nous accueillons avec plaisir toute candidature spontan\u00e9e.<br \/>\nEnvoyez votre CV, portfolio et lettre de motivation \u00e0\u00a0<u data-ogsc=\"\"><a id=\"LPlnkOWA86e0b50f-001a-6bdc-bae6-6cddae471db8\" class=\"x_OWAAutoLink\" title=\"mailto:info@phanine.com\" href=\"mailto:info@phanine.com\" data-linkindex=\"0\" data-ogsc=\"rgb(12, 100, 192)\">info@phanine.com<\/a><\/u>, et qui sait ? Nous pourrions peut-\u00eatre collaborer ensemble.<\/p>\n<\/div><div class=\"fusion-clearfix\"><\/div>\n\n\t\t\t\t\t<\/div>\n\t\t\t\t<\/div><div  class=\"fusion-layout-column fusion_builder_column fusion_builder_column_1_3  fusion-one-third fusion-column-last 1_3\"  style='margin-top:0px;margin-bottom:20px;width:30.6666%'>\n\t\t\t\t\t<div class=\"fusion-column-wrapper\" style=\"background-position:left top;background-repeat:no-repeat;-webkit-background-size:cover;-moz-background-size:cover;-o-background-size:cover;background-size:cover;\"  data-bg-url=\"\">\n\t\t\t\t\t\t<div class=\"fusion-clearfix\"><\/div>\n\n\t\t\t\t\t<\/div>\n\t\t\t\t<\/div><\/div><\/div>\n","protected":false},"excerpt":{"rendered":"","protected":false},"author":4,"featured_media":0,"parent":0,"menu_order":28,"comment_status":"open","ping_status":"open","template":"","meta":{"footnotes":""},"class_list":["post-18","page","type-page","status-publish","hentry"],"translation":{"provider":"WPGlobus","version":"3.0.2","language":"fr","enabled_languages":["nl","en","de","fr"],"languages":{"nl":{"title":true,"content":true,"excerpt":false},"en":{"title":true,"content":true,"excerpt":false},"de":{"title":true,"content":true,"excerpt":false},"fr":{"title":true,"content":true,"excerpt":false}}},"_links":{"self":[{"href":"https:\/\/phanine.com\/fr\/wp-json\/wp\/v2\/pages\/18"}],"collection":[{"href":"https:\/\/phanine.com\/fr\/wp-json\/wp\/v2\/pages"}],"about":[{"href":"https:\/\/phanine.com\/fr\/wp-json\/wp\/v2\/types\/page"}],"author":[{"embeddable":true,"href":"https:\/\/phanine.com\/fr\/wp-json\/wp\/v2\/users\/4"}],"replies":[{"embeddable":true,"href":"https:\/\/phanine.com\/fr\/wp-json\/wp\/v2\/comments?post=18"}],"version-history":[{"count":54,"href":"https:\/\/phanine.com\/fr\/wp-json\/wp\/v2\/pages\/18\/revisions"}],"predecessor-version":[{"id":4033,"href":"https:\/\/phanine.com\/fr\/wp-json\/wp\/v2\/pages\/18\/revisions\/4033"}],"wp:attachment":[{"href":"https:\/\/phanine.com\/fr\/wp-json\/wp\/v2\/media?parent=18"}],"curies":[{"name":"wp","href":"https:\/\/api.w.org\/{rel}","templated":true}]}}