{"id":24,"date":"2015-02-27T15:56:43","date_gmt":"2015-02-27T15:56:43","guid":{"rendered":"http:\/\/phanine.com\/?page_id=24"},"modified":"2022-07-23T15:58:24","modified_gmt":"2022-07-23T13:58:24","slug":"souza","status":"publish","type":"page","link":"https:\/\/phanine.com\/fr\/souza\/","title":{"rendered":"Souza!"},"content":{"rendered":"<p><div class=\"fusion-fullwidth fullwidth-box nonhundred-percent-fullwidth non-hundred-percent-height-scrolling\"  style='background-color: rgba(255,255,255,0);background-position: left top;background-repeat: no-repeat;padding-top:20px;padding-right:0px;padding-bottom:20px;padding-left:0px;border-top-width:0px;border-bottom-width:0px;border-color:#eae9e9;border-top-style:solid;border-bottom-style:solid;'><div class=\"fusion-builder-row fusion-row \"><div  class=\"fusion-layout-column fusion_builder_column fusion_builder_column_2_3  fusion-two-third fusion-column-first 2_3\"  style='margin-top:0px;margin-bottom:20px;width:65.3333%; margin-right: 4%;'>\n\t\t\t\t\t<div class=\"fusion-column-wrapper\" style=\"background-position:left top;background-repeat:no-repeat;-webkit-background-size:cover;-moz-background-size:cover;-o-background-size:cover;background-size:cover;\"  data-bg-url=\"\">\n\t\t\t\t\t\t<div class=\"fusion-text\"><p><a href=\"http:\/\/www.souzaforkids.com\/nl\/\" target=\"_blank\" rel=\"noopener\"><img loading=\"lazy\" decoding=\"async\" class=\" wp-image-269 aligncenter\" src=\"http:\/\/phanine.com\/wp-content\/uploads\/2015\/02\/Souza-Happy-Fantasy-full-colour1-300x168.jpg\" alt=\"Souza Happy Fantasy full colour\" width=\"210\" height=\"117\" srcset=\"https:\/\/phanine.com\/wp-content\/uploads\/2015\/02\/Souza-Happy-Fantasy-full-colour1-300x168.jpg 300w, https:\/\/phanine.com\/wp-content\/uploads\/2015\/02\/Souza-Happy-Fantasy-full-colour1-1024x572.jpg 1024w, https:\/\/phanine.com\/wp-content\/uploads\/2015\/02\/Souza-Happy-Fantasy-full-colour1.jpg 3496w\" sizes=\"(max-width: 210px) 100vw, 210px\" \/><\/a><\/p>\n<\/div><div class=\"fusion-clearfix\"><\/div>\n\n\t\t\t\t\t<\/div>\n\t\t\t\t<\/div><div  class=\"fusion-layout-column fusion_builder_column fusion_builder_column_1_3  fusion-one-third fusion-column-last 1_3\"  style='margin-top:0px;margin-bottom:20px;width:30.6666%'>\n\t\t\t\t\t<div class=\"fusion-column-wrapper\" style=\"background-position:left top;background-repeat:no-repeat;-webkit-background-size:cover;-moz-background-size:cover;-o-background-size:cover;background-size:cover;\"  data-bg-url=\"\">\n\t\t\t\t\t\t<div class=\"fusion-clearfix\"><\/div>\n\n\t\t\t\t\t<\/div>\n\t\t\t\t<\/div><\/div><\/div><div class=\"fusion-fullwidth fullwidth-box nonhundred-percent-fullwidth non-hundred-percent-height-scrolling\"  style='background-color: rgba(255,255,255,0);background-position: left top;background-repeat: no-repeat;padding-top:20px;padding-right:0px;padding-bottom:20px;padding-left:0px;border-top-width:0px;border-bottom-width:0px;border-color:#eae9e9;border-top-style:solid;border-bottom-style:solid;'><div class=\"fusion-builder-row fusion-row \"><div  class=\"fusion-layout-column fusion_builder_column fusion_builder_column_2_3  fusion-two-third fusion-column-first 2_3\"  style='margin-top:0px;margin-bottom:20px;width:65.3333%; margin-right: 4%;'>\n\t\t\t\t\t<div class=\"fusion-column-wrapper\" style=\"background-position:left top;background-repeat:no-repeat;-webkit-background-size:cover;-moz-background-size:cover;-o-background-size:cover;background-size:cover;\"  data-bg-url=\"\">\n\t\t\t\t\t\t<div class=\"fusion-text\"><p><a href=\"https:\/\/phanine.com\/wp-content\/uploads\/2022\/07\/Phanine-Collecties-2022.jpg\"><img loading=\"lazy\" decoding=\"async\" class=\"aligncenter wp-image-3893\" src=\"https:\/\/phanine.com\/wp-content\/uploads\/2022\/07\/Phanine-Collecties-2022-1024x1024.jpg\" alt=\"\" width=\"500\" height=\"500\" srcset=\"https:\/\/phanine.com\/wp-content\/uploads\/2022\/07\/Phanine-Collecties-2022-66x66.jpg 66w, https:\/\/phanine.com\/wp-content\/uploads\/2022\/07\/Phanine-Collecties-2022-150x150.jpg 150w, https:\/\/phanine.com\/wp-content\/uploads\/2022\/07\/Phanine-Collecties-2022-200x200.jpg 200w, https:\/\/phanine.com\/wp-content\/uploads\/2022\/07\/Phanine-Collecties-2022-300x300.jpg 300w, https:\/\/phanine.com\/wp-content\/uploads\/2022\/07\/Phanine-Collecties-2022-400x400.jpg 400w, https:\/\/phanine.com\/wp-content\/uploads\/2022\/07\/Phanine-Collecties-2022-600x600.jpg 600w, https:\/\/phanine.com\/wp-content\/uploads\/2022\/07\/Phanine-Collecties-2022-768x768.jpg 768w, https:\/\/phanine.com\/wp-content\/uploads\/2022\/07\/Phanine-Collecties-2022-800x800.jpg 800w, https:\/\/phanine.com\/wp-content\/uploads\/2022\/07\/Phanine-Collecties-2022-1024x1024.jpg 1024w, https:\/\/phanine.com\/wp-content\/uploads\/2022\/07\/Phanine-Collecties-2022.jpg 1181w\" sizes=\"(max-width: 500px) 100vw, 500px\" \/><\/a><\/p>\n<\/div><div class=\"fusion-clearfix\"><\/div>\n\n\t\t\t\t\t<\/div>\n\t\t\t\t<\/div><div  class=\"fusion-layout-column fusion_builder_column fusion_builder_column_1_3  fusion-one-third fusion-column-last 1_3\"  style='margin-top:0px;margin-bottom:20px;width:30.6666%'>\n\t\t\t\t\t<div class=\"fusion-column-wrapper\" style=\"background-position:left top;background-repeat:no-repeat;-webkit-background-size:cover;-moz-background-size:cover;-o-background-size:cover;background-size:cover;\"  data-bg-url=\"\">\n\t\t\t\t\t\t<div class=\"fusion-clearfix\"><\/div>\n\n\t\t\t\t\t<\/div>\n\t\t\t\t<\/div><\/div><\/div><div class=\"fusion-fullwidth fullwidth-box nonhundred-percent-fullwidth non-hundred-percent-height-scrolling\"  style='background-color: rgba(255,255,255,0);background-position: left top;background-repeat: no-repeat;padding-top:20px;padding-right:0px;padding-bottom:20px;padding-left:0px;border-top-width:0px;border-bottom-width:0px;border-color:#eae9e9;border-top-style:solid;border-bottom-style:solid;'><div class=\"fusion-builder-row fusion-row \"><div  class=\"fusion-layout-column fusion_builder_column fusion_builder_column_2_3  fusion-two-third fusion-column-first 2_3\"  style='margin-top:0px;margin-bottom:20px;width:65.3333%; margin-right: 4%;'>\n\t\t\t\t\t<div class=\"fusion-column-wrapper\" style=\"background-position:left top;background-repeat:no-repeat;-webkit-background-size:cover;-moz-background-size:cover;-o-background-size:cover;background-size:cover;\"  data-bg-url=\"\">\n\t\t\t\t\t\t<div class=\"fusion-text\"><h2>SOUZA!\u00ae\u00a0\u2013 Une attention toute particuli\u00e8re pour les d\u00e9tails et la qualit\u00e9<\/h2>\n<p>SOUZA!\u00ae, c\u2019est un monde riche en joyeux accessoires et d\u00e9guisements originaux pour les enfants de 2 \u00e0 12 ans. Avec les accessoires gais et color\u00e9s de SOUZA!\u00ae, les enfants p\u00e9n\u00e8trent dans un univers enchant\u00e9 \u2013 ce qu\u2019ils font du reste avec la plus grande aisance gr\u00e2ce \u00e0 la coupe parfaite des d\u00e9guisements de SOUZA!\u00ae. Des v\u00eatements dont la magie fait sourire nos ch\u00e8res petites t\u00eates blondes\u00a0!<\/p>\n<p>SOUZA!\u00ae\u00a0propose une collection particuli\u00e8rement vari\u00e9e d&#8217;accessoires qui feront le plus grand bonheur des enfants. Diad\u00e8mes, bijoux (pour les filles et les gar\u00e7ons), chaussures de princesse, couronnes, chapeaux, sacs, baguettes magiques et articles de d\u00e9co int\u00e9rieure pour chambres d&#8217;enfant&#8230; vous trouverez absolument de tout dans notre collection. Chaque saison, nous y ajoutons de nouveaux articles et \u00ab\u00a0must haves\u00a0\u00bb. Notre inspiration, nous la puisons dans les couleurs, th\u00e8mes et mati\u00e8res du moment, sans oublier bien s\u00fbr les souhaits, r\u00eaves et fantaisies des enfants.<\/p>\n<p class=\"p1\"><span class=\"s1\">Laissez-vous inspirer sur<\/span><span style=\"line-height: 1.5;\">\u00a0<\/span><a style=\"line-height: 1.5;\" title=\"Souza!\" href=\"http:\/\/www.souzaforkids.com\" target=\"_blank\" rel=\"noopener\">www.souzaforkids.com<\/a><span style=\"line-height: 1.5;\">.<\/p>\n<\/div><div class=\"fusion-clearfix\"><\/div>\n\n\t\t\t\t\t<\/div>\n\t\t\t\t<\/div><div  class=\"fusion-layout-column fusion_builder_column fusion_builder_column_1_3  fusion-one-third fusion-column-last 1_3\"  style='margin-top:0px;margin-bottom:20px;width:30.6666%'>\n\t\t\t\t\t<div class=\"fusion-column-wrapper\" style=\"background-position:left top;background-repeat:no-repeat;-webkit-background-size:cover;-moz-background-size:cover;-o-background-size:cover;background-size:cover;\"  data-bg-url=\"\">\n\t\t\t\t\t\t<div class=\"fusion-clearfix\"><\/div>\n\n\t\t\t\t\t<\/div>\n\t\t\t\t<\/div><\/div><\/div><div class=\"fusion-fullwidth fullwidth-box hundred-percent-fullwidth non-hundred-percent-height-scrolling\"  style='background-color: rgba(255,255,255,0);background-position: center center;background-repeat: no-repeat;padding-top:0px;padding-right:0px;padding-bottom:0px;padding-left:0px;'><\/div><div class=\"fusion-builder-row fusion-row \"><\/div><div  class=\"fusion-layout-column fusion_builder_column fusion_builder_column_1_1  fusion-one-full fusion-column-first fusion-column-last fusion-column-no-min-height 1_1\"  style='margin-top:0px;margin-bottom:0px;width:100%'>\n\t\t\t\t\t<div class=\"fusion-column-wrapper\" style=\"background-position:left top;background-repeat:no-repeat;-webkit-background-size:cover;-moz-background-size:cover;-o-background-size:cover;background-size:cover;\"  data-bg-url=\"\">\n\t\t\t\t\t\t<div class=\"fusion-clearfix\"><\/div>\n\n\t\t\t\t\t<\/div>\n\t\t\t\t<\/div><div class=\"fusion-text\"><\/div><\/span><\/p>\n","protected":false},"excerpt":{"rendered":"","protected":false},"author":4,"featured_media":0,"parent":0,"menu_order":25,"comment_status":"open","ping_status":"closed","template":"","meta":{"footnotes":""},"class_list":["post-24","page","type-page","status-publish","hentry"],"translation":{"provider":"WPGlobus","version":"3.0.2","language":"fr","enabled_languages":["nl","en","de","fr"],"languages":{"nl":{"title":true,"content":true,"excerpt":false},"en":{"title":true,"content":true,"excerpt":false},"de":{"title":true,"content":true,"excerpt":false},"fr":{"title":true,"content":true,"excerpt":false}}},"_links":{"self":[{"href":"https:\/\/phanine.com\/fr\/wp-json\/wp\/v2\/pages\/24"}],"collection":[{"href":"https:\/\/phanine.com\/fr\/wp-json\/wp\/v2\/pages"}],"about":[{"href":"https:\/\/phanine.com\/fr\/wp-json\/wp\/v2\/types\/page"}],"author":[{"embeddable":true,"href":"https:\/\/phanine.com\/fr\/wp-json\/wp\/v2\/users\/4"}],"replies":[{"embeddable":true,"href":"https:\/\/phanine.com\/fr\/wp-json\/wp\/v2\/comments?post=24"}],"version-history":[{"count":4,"href":"https:\/\/phanine.com\/fr\/wp-json\/wp\/v2\/pages\/24\/revisions"}],"predecessor-version":[{"id":3895,"href":"https:\/\/phanine.com\/fr\/wp-json\/wp\/v2\/pages\/24\/revisions\/3895"}],"wp:attachment":[{"href":"https:\/\/phanine.com\/fr\/wp-json\/wp\/v2\/media?parent=24"}],"curies":[{"name":"wp","href":"https:\/\/api.w.org\/{rel}","templated":true}]}}