{"id":3753,"date":"2021-04-01T21:19:18","date_gmt":"2021-04-01T19:19:18","guid":{"rendered":"https:\/\/phanine.com\/?page_id=3753"},"modified":"2021-07-08T18:17:13","modified_gmt":"2021-07-08T16:17:13","slug":"product-information","status":"publish","type":"page","link":"https:\/\/phanine.com\/fr\/product-information\/","title":{"rendered":"Product information"},"content":{"rendered":"<h2>V\u00e9g\u00e9talien<\/h2>\n<p>Ce produit ne contient aucun ingr\u00e9dient d&#8217;origine animale. Aucun animal vivant n&#8217;est utilis\u00e9 dans la production de ce produit v\u00e9g\u00e9talien et aucun ingr\u00e9dient d&#8217;origine animale n&#8217;est utilis\u00e9. Cette d\u00e9finition couvre \u00e9galement toutes les \u00e9tapes de production et de transformation.<\/p>\n<p>Les tests de maquillage sur les animaux sont interdits dans l&#8217;UE depuis 2013. Cela signifie que tous les maquillages produits et vendus au sein de l&#8217;UE sont exempts de tests sur les animaux. Une petite note lat\u00e9rale : les cosm\u00e9tiques sans cruaut\u00e9 ne sont pas n\u00e9cessairement v\u00e9g\u00e9taliens.<\/p>\n<p>Tous nos maquillages et vernis \u00e0 ongles pour enfants avec le logo vegan sur l&#8217;emballage sont vegan.<\/p>\n<p>&nbsp;<\/p>\n<h2>Test\u00e9 dermatologiquement<\/h2>\n<p>Si un produit a \u00e9t\u00e9 test\u00e9 dermatologiquement, cela signifie que le produit a \u00e9t\u00e9 test\u00e9 pour l&#8217;irritation sur des sujets de test. Nos produits ont \u00e9t\u00e9 test\u00e9s sur un groupe de sujets de test, en examinant la r\u00e9action de la peau des sujets au produit. Les produits test\u00e9s n&#8217;ont pas provoqu\u00e9 d&#8217;irritations cutan\u00e9es chez les sujets test\u00e9s<\/p>\n<p><em>*Par souci d&#8217;exhaustivit\u00e9, nous voudrions mentionner que le terme \u00ab test\u00e9 dermatologiquement \u00bb indique qu&#8217;un examen a \u00e9t\u00e9 effectu\u00e9. Le terme \u00ab\u00a0test\u00e9 sous contr\u00f4le dermatologique\u00a0\u00bb est libre d&#8217;utilisation et n&#8217;a aucun contenu juridique. Le fait que nos produits n&#8217;aient pas provoqu\u00e9 d&#8217;irritations chez les sujets test\u00e9s ne garantit ni ne garantit que d&#8217;autres personnes ayant des types de peau diff\u00e9rents ne r\u00e9agiront pas.<\/em><\/p>\n","protected":false},"excerpt":{"rendered":"<p>V\u00e9g\u00e9talien Ce produit ne contient aucun ingr\u00e9dient d&#8217;origine animale. Aucun animal vivant n&#8217;est utilis\u00e9 dans la production de ce produit v\u00e9g\u00e9talien et aucun ingr\u00e9dient d&#8217;origine animale n&#8217;est utilis\u00e9. Cette d\u00e9finition couvre \u00e9galement toutes les \u00e9tapes de production et de transformation. Les tests de maquillage sur les animaux sont interdits dans l&#8217;UE depuis 2013. Cela signifie [&hellip;]<\/p>\n","protected":false},"author":6,"featured_media":0,"parent":0,"menu_order":1,"comment_status":"closed","ping_status":"closed","template":"","meta":{"footnotes":""},"class_list":["post-3753","page","type-page","status-publish","hentry"],"translation":{"provider":"WPGlobus","version":"3.0.2","language":"fr","enabled_languages":["nl","en","de","fr"],"languages":{"nl":{"title":true,"content":true,"excerpt":false},"en":{"title":false,"content":true,"excerpt":false},"de":{"title":false,"content":true,"excerpt":false},"fr":{"title":false,"content":true,"excerpt":false}}},"_links":{"self":[{"href":"https:\/\/phanine.com\/fr\/wp-json\/wp\/v2\/pages\/3753"}],"collection":[{"href":"https:\/\/phanine.com\/fr\/wp-json\/wp\/v2\/pages"}],"about":[{"href":"https:\/\/phanine.com\/fr\/wp-json\/wp\/v2\/types\/page"}],"author":[{"embeddable":true,"href":"https:\/\/phanine.com\/fr\/wp-json\/wp\/v2\/users\/6"}],"replies":[{"embeddable":true,"href":"https:\/\/phanine.com\/fr\/wp-json\/wp\/v2\/comments?post=3753"}],"version-history":[{"count":11,"href":"https:\/\/phanine.com\/fr\/wp-json\/wp\/v2\/pages\/3753\/revisions"}],"predecessor-version":[{"id":3795,"href":"https:\/\/phanine.com\/fr\/wp-json\/wp\/v2\/pages\/3753\/revisions\/3795"}],"wp:attachment":[{"href":"https:\/\/phanine.com\/fr\/wp-json\/wp\/v2\/media?parent=3753"}],"curies":[{"name":"wp","href":"https:\/\/api.w.org\/{rel}","templated":true}]}}