{"id":41,"date":"2015-03-02T15:23:05","date_gmt":"2015-03-02T15:23:05","guid":{"rendered":"http:\/\/phanine.com\/?page_id=41"},"modified":"2022-07-23T15:53:24","modified_gmt":"2022-07-23T13:53:24","slug":"fantasy-brand-house","status":"publish","type":"page","link":"https:\/\/phanine.com\/fr\/fantasy-brand-house\/","title":{"rendered":"Fantasy Brand House"},"content":{"rendered":"<p><div class=\"fusion-fullwidth fullwidth-box nonhundred-percent-fullwidth non-hundred-percent-height-scrolling\"  style='background-color: rgba(255,255,255,0);background-position: left top;background-repeat: no-repeat;padding-top:20px;padding-right:0px;padding-bottom:20px;padding-left:0px;border-top-width:0px;border-bottom-width:0px;border-color:#eae9e9;border-top-style:solid;border-bottom-style:solid;'><div class=\"fusion-builder-row fusion-row \"><div  class=\"fusion-layout-column fusion_builder_column fusion_builder_column_2_5  fusion-two-fifth fusion-column-first 2_5\"  style='margin-top:0px;margin-bottom:20px;width:37.6%; margin-right: 4%;'>\n\t\t\t\t\t<div class=\"fusion-column-wrapper\" style=\"background-position:left top;background-repeat:no-repeat;-webkit-background-size:cover;-moz-background-size:cover;-o-background-size:cover;background-size:cover;\"  data-bg-url=\"\">\n\t\t\t\t\t\t<div class=\"fusion-text\"><p><a href=\"https:\/\/phanine.com\/wp-content\/uploads\/2022\/07\/Souza-100920-21-22-Andre-5976-2-1.jpeg\"><img loading=\"lazy\" decoding=\"async\" class=\"alignnone size-medium wp-image-3889\" src=\"https:\/\/phanine.com\/wp-content\/uploads\/2022\/07\/Souza-100920-21-22-Andre-5976-2-1-300x300.jpeg\" alt=\"\" width=\"300\" height=\"300\" srcset=\"https:\/\/phanine.com\/wp-content\/uploads\/2022\/07\/Souza-100920-21-22-Andre-5976-2-1-66x66.jpeg 66w, https:\/\/phanine.com\/wp-content\/uploads\/2022\/07\/Souza-100920-21-22-Andre-5976-2-1-150x150.jpeg 150w, https:\/\/phanine.com\/wp-content\/uploads\/2022\/07\/Souza-100920-21-22-Andre-5976-2-1-200x200.jpeg 200w, https:\/\/phanine.com\/wp-content\/uploads\/2022\/07\/Souza-100920-21-22-Andre-5976-2-1-300x300.jpeg 300w, https:\/\/phanine.com\/wp-content\/uploads\/2022\/07\/Souza-100920-21-22-Andre-5976-2-1-400x400.jpeg 400w, https:\/\/phanine.com\/wp-content\/uploads\/2022\/07\/Souza-100920-21-22-Andre-5976-2-1-600x600.jpeg 600w, https:\/\/phanine.com\/wp-content\/uploads\/2022\/07\/Souza-100920-21-22-Andre-5976-2-1-768x768.jpeg 768w, https:\/\/phanine.com\/wp-content\/uploads\/2022\/07\/Souza-100920-21-22-Andre-5976-2-1-800x800.jpeg 800w, https:\/\/phanine.com\/wp-content\/uploads\/2022\/07\/Souza-100920-21-22-Andre-5976-2-1-1024x1024.jpeg 1024w, https:\/\/phanine.com\/wp-content\/uploads\/2022\/07\/Souza-100920-21-22-Andre-5976-2-1-1200x1200.jpeg 1200w, https:\/\/phanine.com\/wp-content\/uploads\/2022\/07\/Souza-100920-21-22-Andre-5976-2-1.jpeg 1276w\" sizes=\"(max-width: 300px) 100vw, 300px\" \/><\/a><\/p>\n<\/div><div class=\"fusion-clearfix\"><\/div>\n\n\t\t\t\t\t<\/div>\n\t\t\t\t<\/div><div  class=\"fusion-layout-column fusion_builder_column fusion_builder_column_2_5  fusion-two-fifth 2_5\"  style='margin-top:0px;margin-bottom:20px;width:37.6%; margin-right: 4%;'>\n\t\t\t\t\t<div class=\"fusion-column-wrapper\" style=\"background-position:left top;background-repeat:no-repeat;-webkit-background-size:cover;-moz-background-size:cover;-o-background-size:cover;background-size:cover;\"  data-bg-url=\"\">\n\t\t\t\t\t\t<div class=\"fusion-text\"><p><a href=\"https:\/\/phanine.com\/wp-content\/uploads\/2022\/07\/Souza-100929-30-31-Marie-Ella-5265.jpeg\"><img loading=\"lazy\" decoding=\"async\" class=\"alignnone size-medium wp-image-3887\" src=\"https:\/\/phanine.com\/wp-content\/uploads\/2022\/07\/Souza-100929-30-31-Marie-Ella-5265-300x300.jpeg\" alt=\"\" width=\"300\" height=\"300\" srcset=\"https:\/\/phanine.com\/wp-content\/uploads\/2022\/07\/Souza-100929-30-31-Marie-Ella-5265-66x66.jpeg 66w, https:\/\/phanine.com\/wp-content\/uploads\/2022\/07\/Souza-100929-30-31-Marie-Ella-5265-150x150.jpeg 150w, https:\/\/phanine.com\/wp-content\/uploads\/2022\/07\/Souza-100929-30-31-Marie-Ella-5265-200x200.jpeg 200w, https:\/\/phanine.com\/wp-content\/uploads\/2022\/07\/Souza-100929-30-31-Marie-Ella-5265-300x300.jpeg 300w, https:\/\/phanine.com\/wp-content\/uploads\/2022\/07\/Souza-100929-30-31-Marie-Ella-5265-400x400.jpeg 400w, https:\/\/phanine.com\/wp-content\/uploads\/2022\/07\/Souza-100929-30-31-Marie-Ella-5265-600x600.jpeg 600w, https:\/\/phanine.com\/wp-content\/uploads\/2022\/07\/Souza-100929-30-31-Marie-Ella-5265-768x768.jpeg 768w, https:\/\/phanine.com\/wp-content\/uploads\/2022\/07\/Souza-100929-30-31-Marie-Ella-5265-800x800.jpeg 800w, https:\/\/phanine.com\/wp-content\/uploads\/2022\/07\/Souza-100929-30-31-Marie-Ella-5265-1024x1024.jpeg 1024w, https:\/\/phanine.com\/wp-content\/uploads\/2022\/07\/Souza-100929-30-31-Marie-Ella-5265-1200x1200.jpeg 1200w, https:\/\/phanine.com\/wp-content\/uploads\/2022\/07\/Souza-100929-30-31-Marie-Ella-5265.jpeg 1276w\" sizes=\"(max-width: 300px) 100vw, 300px\" \/><\/a><\/p>\n<\/div><div class=\"fusion-clearfix\"><\/div>\n\n\t\t\t\t\t<\/div>\n\t\t\t\t<\/div><\/div><\/div><div class=\"fusion-fullwidth fullwidth-box nonhundred-percent-fullwidth non-hundred-percent-height-scrolling\"  style='background-color: rgba(255,255,255,0);background-position: left top;background-repeat: no-repeat;padding-top:20px;padding-right:0px;padding-bottom:20px;padding-left:0px;border-top-width:0px;border-bottom-width:0px;border-color:#eae9e9;border-top-style:solid;border-bottom-style:solid;'><div class=\"fusion-builder-row fusion-row \"><div  class=\"fusion-layout-column fusion_builder_column fusion_builder_column_2_3  fusion-two-third fusion-column-first 2_3\"  style='margin-top:0px;margin-bottom:20px;width:65.3333%; margin-right: 4%;'>\n\t\t\t\t\t<div class=\"fusion-column-wrapper\" style=\"background-position:left top;background-repeat:no-repeat;-webkit-background-size:cover;-moz-background-size:cover;-o-background-size:cover;background-size:cover;\"  data-bg-url=\"\">\n\t\t\t\t\t\t<div class=\"fusion-text\"><h2>Bienvenue chez Phanine, Fantasy Brand House.<\/h2>\n<p>Collections uniques de joyeux accessoires et d\u00e9guisements pour enfants : chez Phanine, les cr\u00e9ations exclusives et pleines de fantaisie sont au c\u0153ur de notre activit\u00e9. Nous nous laissons guider par l\u2019inspiration infinie que nous procure l\u2019association originale de mati\u00e8res et de couleurs. Chevaliers, princesses, cow-boys et cow-girls savent que leurs r\u00eaves se r\u00e9alisent avec nos d\u00e9guisements !<\/p>\n<h3>Cr\u00e9ation originale<\/h3>\n<p>Phanine, c\u2019est encore une part de m\u00e9tier \u00e0 l\u2019ancienne. Avec une petite \u00e9quipe enthousiaste aux Pays-Bas, nous cr\u00e9ons les jolis mod\u00e8les assortis de d\u00e9tails particuliers qui font l\u2019unicit\u00e9 de tous nos produits.<\/p>\n<p>Les collections fleuries et color\u00e9es de nos deux marques SOUZA!\u00ae\u00a0et ROSE &amp; ROMEO\u00ae\u00a0sont compl\u00e9t\u00e9es chaque saison par de nouveaux groupes de produits. Dans plus de 40 pays aux quatre coins du monde, nous enrichissons chaque jour l\u2019univers fantastique des enfants\u00a0!<\/p>\n<p>Outre nos propres marques, nous produisons depuis de nombreuses ann\u00e9es d\u00e9j\u00e0 des articles personnalis\u00e9s exclusifs (private label) pour de grands parcs d\u2019attractions, cha\u00eenes de magasins et mus\u00e9es.<\/p>\n<h3>La meilleure qualit\u00e9<\/h3>\n<p>Nous sommes fiers de la qualit\u00e9 de nos produits. Nous sommes \u00e9galement fiers de fournir cette qualit\u00e9 sup\u00e9rieure au meilleur prix, gr\u00e2ce \u00e0 notre \u00e9troite collaboration de longue date avec des partenaires fiables en Asie.<\/p>\n<p>Notre r\u00e9seau de distribution international est compos\u00e9 d\u2019agents et distributeurs que nous avons soigneusement s\u00e9lectionn\u00e9s.<\/p>\n<p>Pour plus d\u2019inspiration, regardez sur\u00a0<a title=\"Souza for Kids\" href=\"http:\/\/www.souzaforkids.com\/nl\/\" target=\"_blank\" rel=\"noopener\">www.souzaforkids.com<\/a>\u00a0et\u00a0<a title=\"Rose &amp; Romeo\" href=\"http:\/\/www.roseandromeo.com\/nl\/home\/\" target=\"_blank\" rel=\"noopener\">www.roseandromeo.com<\/a>.<\/p>\n<p>Nous apportons gaiet\u00e9 et couleur dans l\u2019univers des enfants !<\/p>\n<\/div><div class=\"fusion-clearfix\"><\/div>\n\n\t\t\t\t\t<\/div>\n\t\t\t\t<\/div><div  class=\"fusion-layout-column fusion_builder_column fusion_builder_column_1_3  fusion-one-third fusion-column-last 1_3\"  style='margin-top:0px;margin-bottom:20px;width:30.6666%'>\n\t\t\t\t\t<div class=\"fusion-column-wrapper\" style=\"background-position:left top;background-repeat:no-repeat;-webkit-background-size:cover;-moz-background-size:cover;-o-background-size:cover;background-size:cover;\"  data-bg-url=\"\">\n\t\t\t\t\t\t<div class=\"fusion-clearfix\"><\/div>\n\n\t\t\t\t\t<\/div>\n\t\t\t\t<\/div><\/div><\/div><\/p>\n<p style=\"padding-left: 90px;\">\n","protected":false},"excerpt":{"rendered":"","protected":false},"author":4,"featured_media":0,"parent":0,"menu_order":24,"comment_status":"open","ping_status":"open","template":"","meta":{"footnotes":""},"class_list":["post-41","page","type-page","status-publish","hentry"],"translation":{"provider":"WPGlobus","version":"3.0.2","language":"fr","enabled_languages":["nl","en","de","fr"],"languages":{"nl":{"title":true,"content":true,"excerpt":false},"en":{"title":true,"content":true,"excerpt":false},"de":{"title":true,"content":true,"excerpt":false},"fr":{"title":true,"content":true,"excerpt":false}}},"_links":{"self":[{"href":"https:\/\/phanine.com\/fr\/wp-json\/wp\/v2\/pages\/41"}],"collection":[{"href":"https:\/\/phanine.com\/fr\/wp-json\/wp\/v2\/pages"}],"about":[{"href":"https:\/\/phanine.com\/fr\/wp-json\/wp\/v2\/types\/page"}],"author":[{"embeddable":true,"href":"https:\/\/phanine.com\/fr\/wp-json\/wp\/v2\/users\/4"}],"replies":[{"embeddable":true,"href":"https:\/\/phanine.com\/fr\/wp-json\/wp\/v2\/comments?post=41"}],"version-history":[{"count":10,"href":"https:\/\/phanine.com\/fr\/wp-json\/wp\/v2\/pages\/41\/revisions"}],"predecessor-version":[{"id":3891,"href":"https:\/\/phanine.com\/fr\/wp-json\/wp\/v2\/pages\/41\/revisions\/3891"}],"wp:attachment":[{"href":"https:\/\/phanine.com\/fr\/wp-json\/wp\/v2\/media?parent=41"}],"curies":[{"name":"wp","href":"https:\/\/api.w.org\/{rel}","templated":true}]}}