{"id":47,"date":"2015-03-02T15:24:16","date_gmt":"2015-03-02T15:24:16","guid":{"rendered":"http:\/\/phanine.com\/?page_id=47"},"modified":"2017-09-15T20:53:28","modified_gmt":"2017-09-15T18:53:28","slug":"disclaimer","status":"publish","type":"page","link":"https:\/\/phanine.com\/fr\/disclaimer\/","title":{"rendered":"Clause de non-responsabilit\u00e9"},"content":{"rendered":"<p>Les conditions de cette clause de non-responsabilit\u00e9 s\u2019appliquent au site Internet : www.phanine.com.<\/p>\n<p>En visitant ce site et\/ou en faisant usage des informations propos\u00e9es sur ou via ce m\u00eame site, vous d\u00e9clarez accepter l\u2019applicabilit\u00e9 de la clause de non-responsabilit\u00e9.<\/p>\n<p>Les informations reprises sur ce site sont fournies uniquement en tant qu\u2019informations d\u2019ordre g\u00e9n\u00e9ral. Aucun droit ne peut \u00eatre tir\u00e9 des informations reprises sur ce site. Bien que Phanine r\u00e9dige et entretienne ce site avec soin et fasse usage de sources consid\u00e9r\u00e9es comme fiables, l\u2019exactitude, l\u2019exhaustivit\u00e9 et l\u2019actualit\u00e9 des informations fournies ne peuvent pas \u00eatre garanties. Phanine ne garantit pas non plus que le site fonctionnera sans erreur ou de fa\u00e7on ininterrompue. Phanine rejette express\u00e9ment toute responsabilit\u00e9 eu \u00e9gard \u00e0 l\u2019exactitude, l\u2019exhaustivit\u00e9, l\u2019actualit\u00e9 des informations fournies, ainsi que l\u2019usage (sans perturbation) de ce site.<\/p>\n<p>Lorsque les liens de Phanine renvoient \u00e0 des sites de tiers, cela ne veut pas dire que Phanine recommande les produits ou services propos\u00e9s sur ou par l\u2019interm\u00e9diaire de ces sites. Phanine n\u2019accepte aucune responsabilit\u00e9 eu \u00e9gard au contenu, \u00e0 l\u2019usage ou \u00e0 la disponibilit\u00e9 des sites auxquels il est fait r\u00e9f\u00e9rence ou qui renvoient \u00e0 son site. L\u2019utilisation de tels liens se fait aux risques et p\u00e9rils de l\u2019utilisateur et Phanine n\u2019accepte aucune responsabilit\u00e9 en cas de dommages \u00e9ventuels occasionn\u00e9s par ces sites. L\u2019exactitude, le bien-fond\u00e9, l\u2019actualit\u00e9 ou l\u2019exhaustivit\u00e9 des informations fournies sur de tels sites n\u2019ont pas \u00e9t\u00e9 contr\u00f4l\u00e9s.<\/p>\n<p>Phanine conserve tous les droits de propri\u00e9t\u00e9 intellectuelle et autres droits concernant les informations fournies sur ou par l\u2019interm\u00e9diaire de ce site (entre autres, tous les textes, le mat\u00e9riel graphique et les logos). Il n\u2019est pas autoris\u00e9 de recopier, t\u00e9l\u00e9charger des informations de ce site, ni de les publier, diffuser ou multiplier d\u2019une quelconque mani\u00e8re sans accord \u00e9crit pr\u00e9alable de Phanine ou accord l\u00e9gitime de l\u2019ayant droit. Vous \u00eates autoris\u00e9 \u00e0 imprimer et\/ou t\u00e9l\u00e9charger des informations \u00e0 partir de ce site pour votre usage personnel.<\/p>\n<p>Phanine se r\u00e9serve le droit de modifier, en tout temps et sans avis pr\u00e9alable, les informations fournies sur ou par l\u2019interm\u00e9diaire de ce site, y compris le texte de cette clause de non-responsabilit\u00e9. Il est recommand\u00e9 de v\u00e9rifier de temps \u00e0 autre si les informations fournies sur ou par l\u2019interm\u00e9diaire de ce site, y compris le texte de cette clause de non-responsabilit\u00e9, ont \u00e9t\u00e9 modifi\u00e9es.<\/p>\n<p>Le droit n\u00e9erlandais s\u2019applique \u00e0 ce site et \u00e0 la clause de non-responsabilit\u00e9. Tous litiges du chef de ou en rapport avec cette clause de non-responsabilit\u00e9 seront soumis exclusivement \u00e0 la juridiction comp\u00e9tente aux Pays-Bas.<\/p>\n","protected":false},"excerpt":{"rendered":"<p>Les conditions de cette clause de non-responsabilit\u00e9 s\u2019appliquent au site Internet : www.phanine.com. En visitant ce site et\/ou en faisant usage des informations propos\u00e9es sur ou via ce m\u00eame site, vous d\u00e9clarez accepter l\u2019applicabilit\u00e9 de la clause de non-responsabilit\u00e9. Les informations reprises sur ce site sont fournies uniquement en tant qu\u2019informations d\u2019ordre g\u00e9n\u00e9ral. Aucun droit [&hellip;]<\/p>\n","protected":false},"author":4,"featured_media":0,"parent":0,"menu_order":20,"comment_status":"open","ping_status":"open","template":"","meta":{"footnotes":""},"class_list":["post-47","page","type-page","status-publish","hentry"],"translation":{"provider":"WPGlobus","version":"3.0.2","language":"fr","enabled_languages":["nl","en","de","fr"],"languages":{"nl":{"title":true,"content":true,"excerpt":false},"en":{"title":true,"content":true,"excerpt":false},"de":{"title":true,"content":true,"excerpt":false},"fr":{"title":true,"content":true,"excerpt":false}}},"_links":{"self":[{"href":"https:\/\/phanine.com\/fr\/wp-json\/wp\/v2\/pages\/47"}],"collection":[{"href":"https:\/\/phanine.com\/fr\/wp-json\/wp\/v2\/pages"}],"about":[{"href":"https:\/\/phanine.com\/fr\/wp-json\/wp\/v2\/types\/page"}],"author":[{"embeddable":true,"href":"https:\/\/phanine.com\/fr\/wp-json\/wp\/v2\/users\/4"}],"replies":[{"embeddable":true,"href":"https:\/\/phanine.com\/fr\/wp-json\/wp\/v2\/comments?post=47"}],"version-history":[{"count":6,"href":"https:\/\/phanine.com\/fr\/wp-json\/wp\/v2\/pages\/47\/revisions"}],"predecessor-version":[{"id":4059,"href":"https:\/\/phanine.com\/fr\/wp-json\/wp\/v2\/pages\/47\/revisions\/4059"}],"wp:attachment":[{"href":"https:\/\/phanine.com\/fr\/wp-json\/wp\/v2\/media?parent=47"}],"curies":[{"name":"wp","href":"https:\/\/api.w.org\/{rel}","templated":true}]}}