{"id":55,"date":"2015-03-02T19:22:32","date_gmt":"2015-03-02T19:22:32","guid":{"rendered":"http:\/\/phanine.com\/?page_id=55"},"modified":"2020-03-30T14:25:28","modified_gmt":"2020-03-30T12:25:28","slug":"phanine","status":"publish","type":"page","link":"https:\/\/phanine.com\/fr\/phanine\/","title":{"rendered":"\u00c0 propos de nous"},"content":{"rendered":"<p><div class=\"fusion-fullwidth fullwidth-box nonhundred-percent-fullwidth non-hundred-percent-height-scrolling\"  style='background-color: rgba(255,255,255,0);background-position: left top;background-repeat: no-repeat;padding-top:0px;padding-right:0px;padding-bottom:20px;padding-left:0px;border-top-width:0px;border-bottom-width:0px;border-color:#eae9e9;border-top-style:solid;border-bottom-style:solid;'><div class=\"fusion-builder-row fusion-row \"><div  class=\"fusion-layout-column fusion_builder_column fusion_builder_column_2_3  fusion-two-third fusion-column-first 2_3\"  style='margin-top:0px;margin-bottom:20px;width:65.3333%; margin-right: 4%;'>\n\t\t\t\t\t<div class=\"fusion-column-wrapper\" style=\"background-position:left top;background-repeat:no-repeat;-webkit-background-size:cover;-moz-background-size:cover;-o-background-size:cover;background-size:cover;\"  data-bg-url=\"\">\n\t\t\t\t\t\t<div class=\"fusion-text\"><h2>Bienvenue chez Phanine, Fantasy Brand House<\/h2>\n<p>Nous cr\u00e9ons et produisons des collections uniques de joyeux accessoires et d\u00e9guisements pour enfants.<\/p>\n<p>La combinaison cr\u00e9ative de mati\u00e8res et couleurs donne des r\u00e9sultats originaux. D\u2019un coup de baguette magique, nous faisons appara\u00eetre un sourire sur les visages gr\u00e2ce \u00e0 nos produits riches en inspiration et fantaisie.<\/p>\n<p>Avec une petite \u00e9quipe enthousiaste aux Pays-Bas, nous nous concentrons sur la cr\u00e9ation de jolis articles d\u2019un bon rapport qualit\u00e9-prix.<\/p>\n<p>Les collections gaies et color\u00e9es de nos deux marques SOUZA!\u00ae et ROSE &amp; ROMEO\u00ae\u00a0sont compl\u00e9t\u00e9es chaque saison par de nouveaux groupes de produits, et vendues dans plus de 40 pays aux quatre coins du monde.<\/p>\n<p>Notre notori\u00e9t\u00e9, nous la devons d\u2019abord \u00e0 ces deux marques. Actuellement, nous cr\u00e9ons et produisons \u00e9galement des articles personnalis\u00e9s (private label) pour de grands parcs d\u2019attractions, cha\u00eenes de magasins, mus\u00e9es et autres clients.<\/p>\n<p>Nos cr\u00e9ations sont produites par nos partenaires mondiaux, avec qui nous coop\u00e9rons depuis de nombreuses ann\u00e9es.<\/p>\n<p>Nous disposons d\u2019un r\u00e9seau international d\u2019agents et de distributeurs. Nous sommes \u00e9galement exposants sur tous les grands salons europ\u00e9ens, voir <a href=\"https:\/\/phanine.com\/fr\/agenda\/\" target=\"_blank\" rel=\"noopener\">l&#8217;agenda. <\/a><\/p>\n<p>Toutes les livraisons dans les magasins se font depuis notre entrep\u00f4t \u00e0 Sint Oedenrode.<\/p>\n<p><span style=\"line-height: 1.5;\">Pour plus d\u2019inspiration :\u00a0<\/span><a style=\"line-height: 1.5;\" href=\"http:\/\/www.souzaforkids.com\/\" target=\"_blank\" rel=\"noopener\">www.souzaforkids.com.<\/a><\/p>\n<p>Nous apportons gaiet\u00e9 et couleur dans l\u2019univers des enfants !<\/p>\n<\/div><div class=\"fusion-clearfix\"><\/div>\n\n\t\t\t\t\t<\/div>\n\t\t\t\t<\/div><div  class=\"fusion-layout-column fusion_builder_column fusion_builder_column_1_3  fusion-one-third fusion-column-last 1_3\"  style='margin-top:0px;margin-bottom:20px;width:30.6666%'>\n\t\t\t\t\t<div class=\"fusion-column-wrapper\" style=\"background-position:left top;background-repeat:no-repeat;-webkit-background-size:cover;-moz-background-size:cover;-o-background-size:cover;background-size:cover;\"  data-bg-url=\"\">\n\t\t\t\t\t\t<div class=\"fusion-clearfix\"><\/div>\n\n\t\t\t\t\t<\/div>\n\t\t\t\t<\/div><\/div><\/div><div class=\"fusion-fullwidth fullwidth-box hundred-percent-fullwidth non-hundred-percent-height-scrolling\"  style='background-color: rgba(255,255,255,0);background-position: center center;background-repeat: no-repeat;padding-top:0px;padding-right:0px;padding-bottom:0px;padding-left:0px;'><\/div><div class=\"fusion-builder-row fusion-row \"><\/div><div  class=\"fusion-layout-column fusion_builder_column fusion_builder_column_1_1  fusion-one-full fusion-column-first fusion-column-last fusion-column-no-min-height 1_1\"  style='margin-top:0px;margin-bottom:0px;width:100%'>\n\t\t\t\t\t<div class=\"fusion-column-wrapper\" style=\"background-position:left top;background-repeat:no-repeat;-webkit-background-size:cover;-moz-background-size:cover;-o-background-size:cover;background-size:cover;\"  data-bg-url=\"\">\n\t\t\t\t\t\t<div class=\"fusion-clearfix\"><\/div>\n\n\t\t\t\t\t<\/div>\n\t\t\t\t<\/div><div class=\"fusion-text\"><\/div><\/p>\n","protected":false},"excerpt":{"rendered":"","protected":false},"author":4,"featured_media":0,"parent":0,"menu_order":19,"comment_status":"open","ping_status":"open","template":"","meta":{"footnotes":""},"class_list":["post-55","page","type-page","status-publish","hentry"],"translation":{"provider":"WPGlobus","version":"3.0.2","language":"fr","enabled_languages":["nl","en","de","fr"],"languages":{"nl":{"title":true,"content":true,"excerpt":false},"en":{"title":true,"content":true,"excerpt":false},"de":{"title":true,"content":true,"excerpt":false},"fr":{"title":true,"content":true,"excerpt":false}}},"_links":{"self":[{"href":"https:\/\/phanine.com\/fr\/wp-json\/wp\/v2\/pages\/55"}],"collection":[{"href":"https:\/\/phanine.com\/fr\/wp-json\/wp\/v2\/pages"}],"about":[{"href":"https:\/\/phanine.com\/fr\/wp-json\/wp\/v2\/types\/page"}],"author":[{"embeddable":true,"href":"https:\/\/phanine.com\/fr\/wp-json\/wp\/v2\/users\/4"}],"replies":[{"embeddable":true,"href":"https:\/\/phanine.com\/fr\/wp-json\/wp\/v2\/comments?post=55"}],"version-history":[{"count":12,"href":"https:\/\/phanine.com\/fr\/wp-json\/wp\/v2\/pages\/55\/revisions"}],"predecessor-version":[{"id":4054,"href":"https:\/\/phanine.com\/fr\/wp-json\/wp\/v2\/pages\/55\/revisions\/4054"}],"wp:attachment":[{"href":"https:\/\/phanine.com\/fr\/wp-json\/wp\/v2\/media?parent=55"}],"curies":[{"name":"wp","href":"https:\/\/api.w.org\/{rel}","templated":true}]}}